{"id":155,"date":"2020-05-18T15:51:56","date_gmt":"2020-05-18T15:51:56","guid":{"rendered":"https:\/\/fritz-sped.hu\/?page_id=155"},"modified":"2026-01-04T14:40:50","modified_gmt":"2026-01-04T14:40:50","slug":"%f0%9f%9a%97-fritz-sped-automentes-miskolc-0-24-gyors-segitseg-borsodban","status":"publish","type":"page","link":"https:\/\/fritz-sped.hu\/en\/","title":{"rendered":"Aut\u00f3ment\u00e9s Miskolc \u2013 Gyors, Nonstop Seg\u00edts\u00e9g"},"content":{"rendered":"\n<h2 class=\"wp-block-heading\">Aut\u00f3ment\u00e9s<\/h2>\n\n\n\n<p>0\u201324 \u00f3r\u00e1s aut\u00f3ment\u00e9s Miskolcon \u00e9s k\u00f6rny\u00e9k\u00e9n. Gyors ki\u00e9rkez\u00e9s, korrekt \u00e1rak, b\u00e1rmilyen j\u00e1rm\u0171h\u00f6z.<\/p>\n\n\n\n<h2 class=\"wp-block-heading\">Aut\u00f3sz\u00e1ll\u00edt\u00e1s<\/h2>\n\n\n\n<p>Biztons\u00e1gos aut\u00f3sz\u00e1ll\u00edt\u00e1s Miskolcon \u00e9s orsz\u00e1gosan. M\u0171k\u00f6d\u0151 \u00e9s s\u00e9r\u00fclt j\u00e1rm\u0171vek sz\u00e1ll\u00edt\u00e1sa el\u00e9rhert\u0151 \u00e1ron.<\/p>\n\n\n\n<h2 class=\"wp-block-heading\">Aut\u00f3nyit\u00e1s<\/h2>\n\n\n\n<p>Bez\u00e1rta a kulcsot az aut\u00f3ba? Aut\u00f3nyit\u00e1s Miskolcon gyorsan, roncsol\u00e1s n\u00e9lk\u00fcl, ak\u00e1r 0\u201324 \u00f3r\u00e1ban.<\/p>\n\n\n\n<p class=\"has-text-align-center\"><a href=\"tel:+36706148908\"><br><\/a><\/p>\n\n\n\n<div style=\"background-color: #FFD700; padding: 20px; text-align: center; border-radius: 10px; margin-top: 20px;\">\n  <p style=\"color: #000000; font-size: 22px; font-weight: bold; margin: 0;\">\n    \ud83d\udcde H\u00edvjon most\n  <\/p>\n  <a href=\"tel:+36706148908\" style=\"color: #000000; font-size: 28px; font-weight: bold; text-decoration: none; display: block; margin-top: 8px;\">\n    +36 70 614 8908\n  <\/a>\n  <p style=\"color: #000000; font-size: 16px; margin-top: 10px;\">\n    0-24 aut\u00f3ment\u00e9s Miskolcon \u00e9s k\u00f6rny\u00e9k\u00e9n \u2013 ak\u00e1r 30 percen bel\u00fcl a helysz\u00ednen!\n  <\/p>\n<\/div>\n\n\n<div class=\"wp-block-image\">\n<figure class=\"aligncenter size-large is-resized\"><img loading=\"lazy\" decoding=\"async\" width=\"1024\" height=\"768\" src=\"https:\/\/fritz-sped.hu\/wp-content\/uploads\/en-1024x768.jpg\" alt=\"\" class=\"wp-image-473\" style=\"width:829px;height:auto\" srcset=\"https:\/\/fritz-sped.hu\/wp-content\/uploads\/en-1024x768.jpg 1024w, https:\/\/fritz-sped.hu\/wp-content\/uploads\/en-300x225.jpg 300w, https:\/\/fritz-sped.hu\/wp-content\/uploads\/en-768x576.jpg 768w, https:\/\/fritz-sped.hu\/wp-content\/uploads\/en-1536x1152.jpg 1536w, https:\/\/fritz-sped.hu\/wp-content\/uploads\/en.jpg 2048w\" sizes=\"auto, (max-width: 1024px) 100vw, 1024px\" \/><\/figure>\n<\/div>\n\n\n<div class=\"wp-block-group\"><div class=\"wp-block-group__inner-container is-layout-constrained wp-block-group-is-layout-constrained\">\n<p class=\"has-text-align-left\">\ud83d\udea8 <strong>Aut\u00f3ment\u00e9s Miskolc \u2013 gyors, megb\u00edzhat\u00f3 seg\u00edts\u00e9g!<\/strong><\/p>\n\n\n\n<p class=\"has-text-align-left\"><em><strong>Lerobbant az aut\u00f3ja? Baleset \u00e9rte? 0-24 \u00f3r\u00e1s aut\u00f3ment\u00e9s Miskolcon, Borsod megy\u00e9ben, ig\u00e9ny eset\u00e9n az orsz\u00e1g teljes ter\u00fclet\u00e9n, ak\u00e1r azonnali kisz\u00e1ll\u00e1ssal. Aut\u00f3ment\u0151mmel v\u00e1llalom szem\u00e9lyaut\u00f3k, motorker\u00e9kp\u00e1rok, s\u0151t munkag\u00e9pek szakszer\u0171 sz\u00e1ll\u00edt\u00e1s\u00e1t is.<\/strong><\/em><\/p>\n\n\n\n<p class=\"has-text-align-left\"><strong><em>T\u00f6bb \u00e9ves tapasztalatommal garant\u00e1lom a gyors reag\u00e1l\u00e1st \u00e9s a biztons\u00e1gos sz\u00e1ll\u00edt\u00e1st \u2013 legyen sz\u00f3 ak\u00e1r aut\u00f3sz\u00e1ll\u00edt\u00e1sr\u00f3l, m\u0171szaki hib\u00e1s vagy balesetes j\u00e1rm\u0171 elsz\u00e1ll\u00edt\u00e1s\u00e1r\u00f3l. Az M30-as, M3-as \u00e9s m\u00e1s k\u00f6rny\u00e9kbeli \u00fatszakaszokr\u00f3l is!<\/em><\/strong><\/p>\n\n\n\n<p><strong><em>Aut\u00f3ment\u00e9st v\u00e1llalok Lengyelorsz\u00e1gb\u00f3l \u00e9s Szlov\u00e1ki\u00e1b\u00f3l is!<\/em><\/strong><\/p>\n\n\n\n<p><em><strong>Ig\u00e9ny eset\u00e9n szerv\u00edz h\u00e1tteret is biztos\u00edtok!<\/strong><\/em> <strong><em>Aut\u00f3ment\u00e9s Miskolc 0-24\/7<\/em><\/strong><\/p>\n\n\n\n<p class=\"has-text-align-left\"><strong><em>\ud83d\udcde Ne v\u00e1rjon \u00f3r\u00e1kat! H\u00edvjon bizalommal, ha bajban van \u2013 aut\u00f3ment\u00e9s Miskolc ter\u00fclet\u00e9n, non-stop!<\/em><\/strong><\/p>\n<\/div><\/div>\n\n\n\n<div class=\"wp-block-group\"><div class=\"wp-block-group__inner-container is-layout-flow wp-block-group-is-layout-flow\">\n<div class=\"wp-block-group\"><div class=\"wp-block-group__inner-container is-layout-flow wp-block-group-is-layout-flow\">\n<div class=\"wp-block-columns is-layout-flex wp-container-core-columns-is-layout-9d6595d7 wp-block-columns-is-layout-flex\">\n<div class=\"wp-block-column is-layout-flow wp-block-column-is-layout-flow\" style=\"flex-basis:100%\">\n<p class=\"has-text-align-center\"><\/p>\n\n\n\n<h2 class=\"wp-block-heading has-text-align-center\">Ak\u00e1r azonnali indul\u00e1s!<\/h2>\n<\/div>\n<\/div>\n<\/div><\/div>\n<\/div><\/div>\n\n\n\n<blockquote class=\"wp-block-quote has-text-align-center is-style-plain has-x-large-font-size is-layout-flow wp-block-quote-is-layout-flow\"><div class=\"wp-block-image\">\n<figure class=\"aligncenter size-large is-resized\"><img loading=\"lazy\" decoding=\"async\" width=\"1024\" height=\"768\" src=\"https:\/\/fritz-sped.hu\/wp-content\/uploads\/391667595_833166352151550_7246130429839282983_n-1024x768.jpg\" alt=\"\" class=\"wp-image-475\" style=\"width:451px;height:auto\" srcset=\"https:\/\/fritz-sped.hu\/wp-content\/uploads\/391667595_833166352151550_7246130429839282983_n-1024x768.jpg 1024w, https:\/\/fritz-sped.hu\/wp-content\/uploads\/391667595_833166352151550_7246130429839282983_n-300x225.jpg 300w, https:\/\/fritz-sped.hu\/wp-content\/uploads\/391667595_833166352151550_7246130429839282983_n-768x576.jpg 768w, https:\/\/fritz-sped.hu\/wp-content\/uploads\/391667595_833166352151550_7246130429839282983_n-1536x1152.jpg 1536w, https:\/\/fritz-sped.hu\/wp-content\/uploads\/391667595_833166352151550_7246130429839282983_n.jpg 2048w\" sizes=\"auto, (max-width: 1024px) 100vw, 1024px\" \/><\/figure>\n<\/div>\n\n\n<p><\/p>\n\n\n\n<h2 class=\"wp-block-heading has-text-align-center\"><\/h2>\n<\/blockquote>\n\n\n\n<blockquote class=\"wp-block-quote has-text-align-center is-layout-flow wp-block-quote-is-layout-flow\"><div class=\"wp-block-image\">\n<figure class=\"aligncenter size-large is-resized\"><img loading=\"lazy\" decoding=\"async\" width=\"1024\" height=\"768\" src=\"https:\/\/fritz-sped.hu\/wp-content\/uploads\/358682944_763014185833434_1457468708103415925_n-1024x768.jpg\" alt=\"\" class=\"wp-image-462\" style=\"width:529px;height:auto\" srcset=\"https:\/\/fritz-sped.hu\/wp-content\/uploads\/358682944_763014185833434_1457468708103415925_n-1024x768.jpg 1024w, https:\/\/fritz-sped.hu\/wp-content\/uploads\/358682944_763014185833434_1457468708103415925_n-300x225.jpg 300w, https:\/\/fritz-sped.hu\/wp-content\/uploads\/358682944_763014185833434_1457468708103415925_n-768x576.jpg 768w, https:\/\/fritz-sped.hu\/wp-content\/uploads\/358682944_763014185833434_1457468708103415925_n-1536x1152.jpg 1536w, https:\/\/fritz-sped.hu\/wp-content\/uploads\/358682944_763014185833434_1457468708103415925_n.jpg 2048w\" sizes=\"auto, (max-width: 1024px) 100vw, 1024px\" \/><\/figure>\n<\/div>\n\n\n<h2 class=\"wp-block-heading has-text-align-center\"><\/h2>\n\n\n\n<p class=\"has-large-font-size\"><\/p>\n<\/blockquote>\n\n\n\n<h2 class=\"wp-block-heading\"><\/h2>\n\n\n\n<figure class=\"wp-block-image size-large\"><img loading=\"lazy\" decoding=\"async\" width=\"1024\" height=\"472\" src=\"https:\/\/fritz-sped.hu\/wp-content\/uploads\/429533935_921364319998419_6240879416897082735_n-1024x472.jpg\" alt=\"\" class=\"wp-image-420\" srcset=\"https:\/\/fritz-sped.hu\/wp-content\/uploads\/429533935_921364319998419_6240879416897082735_n-1024x472.jpg 1024w, https:\/\/fritz-sped.hu\/wp-content\/uploads\/429533935_921364319998419_6240879416897082735_n-300x138.jpg 300w, https:\/\/fritz-sped.hu\/wp-content\/uploads\/429533935_921364319998419_6240879416897082735_n-768x354.jpg 768w, https:\/\/fritz-sped.hu\/wp-content\/uploads\/429533935_921364319998419_6240879416897082735_n-1536x708.jpg 1536w, https:\/\/fritz-sped.hu\/wp-content\/uploads\/429533935_921364319998419_6240879416897082735_n.jpg 2048w\" sizes=\"auto, (max-width: 1024px) 100vw, 1024px\" \/><\/figure>\n\n\n\n<h2 class=\"wp-block-heading\"><\/h2>\n\n\n<div class=\"wp-block-image\">\n<figure class=\"aligncenter size-large\"><img loading=\"lazy\" decoding=\"async\" width=\"1024\" height=\"609\" src=\"https:\/\/fritz-sped.hu\/wp-content\/uploads\/399689626_845304914271027_6908050591596051868_n-1024x609.jpg\" alt=\"\" class=\"wp-image-419\" srcset=\"https:\/\/fritz-sped.hu\/wp-content\/uploads\/399689626_845304914271027_6908050591596051868_n-1024x609.jpg 1024w, https:\/\/fritz-sped.hu\/wp-content\/uploads\/399689626_845304914271027_6908050591596051868_n-300x178.jpg 300w, https:\/\/fritz-sped.hu\/wp-content\/uploads\/399689626_845304914271027_6908050591596051868_n-768x456.jpg 768w, https:\/\/fritz-sped.hu\/wp-content\/uploads\/399689626_845304914271027_6908050591596051868_n-1536x913.jpg 1536w, https:\/\/fritz-sped.hu\/wp-content\/uploads\/399689626_845304914271027_6908050591596051868_n.jpg 2048w\" sizes=\"auto, (max-width: 1024px) 100vw, 1024px\" \/><\/figure>\n<\/div>\n\n\n<h2 class=\"wp-block-heading has-text-align-center\"><\/h2>\n\n\n\n<figure class=\"wp-block-image size-large\"><img loading=\"lazy\" decoding=\"async\" width=\"1024\" height=\"768\" src=\"https:\/\/fritz-sped.hu\/wp-content\/uploads\/395786384_835848268550025_2308936362221059533_n-1024x768.jpg\" alt=\"\" class=\"wp-image-418\" srcset=\"https:\/\/fritz-sped.hu\/wp-content\/uploads\/395786384_835848268550025_2308936362221059533_n-1024x768.jpg 1024w, https:\/\/fritz-sped.hu\/wp-content\/uploads\/395786384_835848268550025_2308936362221059533_n-300x225.jpg 300w, https:\/\/fritz-sped.hu\/wp-content\/uploads\/395786384_835848268550025_2308936362221059533_n-768x576.jpg 768w, https:\/\/fritz-sped.hu\/wp-content\/uploads\/395786384_835848268550025_2308936362221059533_n-1536x1152.jpg 1536w, https:\/\/fritz-sped.hu\/wp-content\/uploads\/395786384_835848268550025_2308936362221059533_n.jpg 2048w\" sizes=\"auto, (max-width: 1024px) 100vw, 1024px\" \/><\/figure>\n\n\n\n<p class=\"has-text-align-center\"><\/p>\n\n\n\n<p><\/p>\n\n\n\n<h2 class=\"wp-block-heading has-text-align-center\" id=\"kizarta-magat-autojabol-serules-es-karcmentes-autonyitas-miskolcon\"><\/h2>\n\n\n\n<figure class=\"wp-block-image size-full is-style-default\"><img loading=\"lazy\" decoding=\"async\" width=\"960\" height=\"946\" src=\"https:\/\/fritz-sped.hu\/wp-content\/uploads\/357140743_757631646371688_5968020192976055297_n-1.jpg\" alt=\"\" class=\"wp-image-426\" srcset=\"https:\/\/fritz-sped.hu\/wp-content\/uploads\/357140743_757631646371688_5968020192976055297_n-1.jpg 960w, https:\/\/fritz-sped.hu\/wp-content\/uploads\/357140743_757631646371688_5968020192976055297_n-1-300x296.jpg 300w, https:\/\/fritz-sped.hu\/wp-content\/uploads\/357140743_757631646371688_5968020192976055297_n-1-768x757.jpg 768w\" sizes=\"auto, (max-width: 960px) 100vw, 960px\" \/><\/figure>\n\n\n\n<div class=\"wp-block-group\"><div class=\"wp-block-group__inner-container is-layout-flow wp-block-group-is-layout-flow\">\n<figure class=\"wp-block-image size-large\"><img loading=\"lazy\" decoding=\"async\" width=\"1024\" height=\"768\" src=\"https:\/\/fritz-sped.hu\/wp-content\/uploads\/bmw-1024x768.jpg\" alt=\"\" class=\"wp-image-363\" srcset=\"https:\/\/fritz-sped.hu\/wp-content\/uploads\/bmw-1024x768.jpg 1024w, https:\/\/fritz-sped.hu\/wp-content\/uploads\/bmw-300x225.jpg 300w, https:\/\/fritz-sped.hu\/wp-content\/uploads\/bmw-768x576.jpg 768w, https:\/\/fritz-sped.hu\/wp-content\/uploads\/bmw-1536x1152.jpg 1536w, https:\/\/fritz-sped.hu\/wp-content\/uploads\/bmw.jpg 2048w\" sizes=\"auto, (max-width: 1024px) 100vw, 1024px\" \/><\/figure>\n<\/div><\/div>\n\n\n\n<p class=\"has-text-align-center\"><strong>T\u00f3th Tam\u00e1s E.V.<\/strong><\/p>\n\n\n\n<p class=\"has-text-align-center\"><strong>3793 Saj\u00f3ecseg, Patak u. 38<\/strong><\/p>\n\n\n\n<p class=\"has-text-align-center\"><strong>Ad\u00f3sz\u00e1m: 55905077-1-25<\/strong><\/p>\n\n\n\n<p class=\"has-text-align-center\"><strong>C\u00e9gjegyz\u00e9ksz\u00e1m: 54649901<\/strong><\/p>\n\n\n\n<figure class=\"wp-block-image size-large\"><img loading=\"lazy\" decoding=\"async\" width=\"1024\" height=\"768\" src=\"https:\/\/fritz-sped.hu\/wp-content\/uploads\/20221215_122825-1024x768.jpg\" alt=\"\" class=\"wp-image-359\" srcset=\"https:\/\/fritz-sped.hu\/wp-content\/uploads\/20221215_122825-1024x768.jpg 1024w, https:\/\/fritz-sped.hu\/wp-content\/uploads\/20221215_122825-300x225.jpg 300w, https:\/\/fritz-sped.hu\/wp-content\/uploads\/20221215_122825-768x576.jpg 768w, https:\/\/fritz-sped.hu\/wp-content\/uploads\/20221215_122825-1536x1152.jpg 1536w, https:\/\/fritz-sped.hu\/wp-content\/uploads\/20221215_122825-2048x1536.jpg 2048w\" sizes=\"auto, (max-width: 1024px) 100vw, 1024px\" \/><\/figure>\n\n\n\n<ul class=\"wp-block-list\">\n<li><\/li>\n<\/ul>\n\n\n\n<p><strong>Aut\u00f3ment\u00e9s Miskolc &#8211;<\/strong> <strong>Aut\u00f3ment\u00e9s Miskolc -Aut\u00f3ment\u00e9s Miskolc &#8211;<\/strong><\/p>\n\n\n\n<figure class=\"wp-block-image size-large\"><img loading=\"lazy\" decoding=\"async\" width=\"960\" height=\"720\" src=\"https:\/\/fritz-sped.hu\/wp-content\/uploads\/122405412_184177886535313_5431525896895372642_n.jpg\" alt=\"\" class=\"wp-image-247\" srcset=\"https:\/\/fritz-sped.hu\/wp-content\/uploads\/122405412_184177886535313_5431525896895372642_n.jpg 960w, https:\/\/fritz-sped.hu\/wp-content\/uploads\/122405412_184177886535313_5431525896895372642_n-300x225.jpg 300w, https:\/\/fritz-sped.hu\/wp-content\/uploads\/122405412_184177886535313_5431525896895372642_n-768x576.jpg 768w\" sizes=\"auto, (max-width: 960px) 100vw, 960px\" \/><\/figure>\n\n\n\n<p><strong> <\/strong><\/p>\n\n\n\n<p><strong>T\u00f3th Tam\u00e1s aut\u00f3ment\u0151<\/strong><\/p>\n\n\n\n<p><\/p>\n\n\n\n\n\n<p><\/p>\n","protected":false},"excerpt":{"rendered":"<p>Aut\u00f3ment\u00e9s 0\u201324 \u00f3r\u00e1s aut\u00f3ment\u00e9s Miskolcon \u00e9s k\u00f6rny\u00e9k\u00e9n. Gyors ki\u00e9rkez\u00e9s, korrekt \u00e1rak, b\u00e1rmilyen [&hellip;]<\/p>\n","protected":false},"author":1,"featured_media":0,"parent":0,"menu_order":0,"comment_status":"closed","ping_status":"closed","template":"","meta":{"footnotes":""},"class_list":["post-155","page","type-page","status-publish","hentry"],"yoast_head":"<!-- This site is optimized with the Yoast SEO plugin v27.3 - https:\/\/yoast.com\/product\/yoast-seo-wordpress\/ -->\n<title>Aut\u00f3ment\u00e9s Miskolc 0\u201324 | Gyors aut\u00f3ment\u0151 \u2013 Fritz-Sped<\/title>\n<meta name=\"description\" content=\"0\u201324 \u00f3r\u00e1s aut\u00f3ment\u00e9s Miskolcon \u00e9s k\u00f6rny\u00e9k\u00e9n. Gyors ki\u00e9rkez\u00e9s, korrekt \u00e1rak, aut\u00f3sz\u00e1ll\u00edt\u00e1s \u00e9s aut\u00f3nyit\u00e1s. H\u00edvjon most!\" \/>\n<meta name=\"robots\" content=\"index, follow, max-snippet:-1, max-image-preview:large, max-video-preview:-1\" \/>\n<link rel=\"canonical\" href=\"https:\/\/fritz-sped.hu\/en\/\" \/>\n<meta property=\"og:locale\" content=\"en_US\" \/>\n<meta property=\"og:locale:alternate\" content=\"hu_HU\" \/>\n<meta property=\"og:type\" content=\"article\" \/>\n<meta property=\"og:title\" content=\"Aut\u00f3ment\u00e9s Miskolc 0\u201324 | Gyors aut\u00f3ment\u0151 \u2013 Fritz-Sped\" \/>\n<meta property=\"og:description\" content=\"0\u201324 \u00f3r\u00e1s aut\u00f3ment\u00e9s Miskolcon \u00e9s k\u00f6rny\u00e9k\u00e9n. Gyors ki\u00e9rkez\u00e9s, korrekt \u00e1rak, aut\u00f3sz\u00e1ll\u00edt\u00e1s \u00e9s aut\u00f3nyit\u00e1s. H\u00edvjon most!\" \/>\n<meta property=\"og:url\" content=\"https:\/\/fritz-sped.hu\/en\/\" \/>\n<meta property=\"og:site_name\" content=\"Fritz-Sped Miskolc\" \/>\n<meta property=\"article:publisher\" content=\"https:\/\/www.facebook.com\/fritzautomentes\/\" \/>\n<meta property=\"article:modified_time\" content=\"2026-01-04T14:40:50+00:00\" \/>\n<meta property=\"og:image\" content=\"https:\/\/fritz-sped.hu\/wp-content\/uploads\/en.jpg\" \/>\n\t<meta property=\"og:image:width\" content=\"2048\" \/>\n\t<meta property=\"og:image:height\" content=\"1536\" \/>\n\t<meta property=\"og:image:type\" content=\"image\/jpeg\" \/>\n<meta name=\"twitter:card\" content=\"summary_large_image\" \/>\n<meta name=\"twitter:label1\" content=\"Est. reading time\" \/>\n\t<meta name=\"twitter:data1\" content=\"3 minutes\" \/>\n<script type=\"application\/ld+json\" class=\"yoast-schema-graph\">{\"@context\":\"https:\\\/\\\/schema.org\",\"@graph\":[{\"@type\":\"WebPage\",\"@id\":\"https:\\\/\\\/fritz-sped.hu\\\/\",\"url\":\"https:\\\/\\\/fritz-sped.hu\\\/\",\"name\":\"Aut\u00f3ment\u00e9s Miskolc 0\u201324 | Gyors aut\u00f3ment\u0151 \u2013 Fritz-Sped\",\"isPartOf\":{\"@id\":\"https:\\\/\\\/fritz-sped.hu\\\/#website\"},\"primaryImageOfPage\":{\"@id\":\"https:\\\/\\\/fritz-sped.hu\\\/#primaryimage\"},\"image\":{\"@id\":\"https:\\\/\\\/fritz-sped.hu\\\/#primaryimage\"},\"thumbnailUrl\":\"https:\\\/\\\/fritz-sped.hu\\\/wp-content\\\/uploads\\\/en-1024x768.jpg\",\"datePublished\":\"2020-05-18T15:51:56+00:00\",\"dateModified\":\"2026-01-04T14:40:50+00:00\",\"description\":\"0\u201324 \u00f3r\u00e1s aut\u00f3ment\u00e9s Miskolcon \u00e9s k\u00f6rny\u00e9k\u00e9n. Gyors ki\u00e9rkez\u00e9s, korrekt \u00e1rak, aut\u00f3sz\u00e1ll\u00edt\u00e1s \u00e9s aut\u00f3nyit\u00e1s. H\u00edvjon most!\",\"breadcrumb\":{\"@id\":\"https:\\\/\\\/fritz-sped.hu\\\/#breadcrumb\"},\"inLanguage\":\"en-US\",\"potentialAction\":[{\"@type\":\"ReadAction\",\"target\":[\"https:\\\/\\\/fritz-sped.hu\\\/\"]}]},{\"@type\":\"ImageObject\",\"inLanguage\":\"en-US\",\"@id\":\"https:\\\/\\\/fritz-sped.hu\\\/#primaryimage\",\"url\":\"https:\\\/\\\/fritz-sped.hu\\\/wp-content\\\/uploads\\\/en-1024x768.jpg\",\"contentUrl\":\"https:\\\/\\\/fritz-sped.hu\\\/wp-content\\\/uploads\\\/en-1024x768.jpg\"},{\"@type\":\"BreadcrumbList\",\"@id\":\"https:\\\/\\\/fritz-sped.hu\\\/#breadcrumb\",\"itemListElement\":[{\"@type\":\"ListItem\",\"position\":1,\"name\":\"Kezd\u0151lap\",\"item\":\"https:\\\/\\\/fritz-sped.hu\\\/\"},{\"@type\":\"ListItem\",\"position\":2,\"name\":\"Aut\u00f3ment\u00e9s Miskolc \u2013 Gyors, Nonstop Seg\u00edts\u00e9g\"}]},{\"@type\":\"WebSite\",\"@id\":\"https:\\\/\\\/fritz-sped.hu\\\/#website\",\"url\":\"https:\\\/\\\/fritz-sped.hu\\\/\",\"name\":\"Aut\u00f3ment\u00e9s Miskolc \u2013 Fritz-Sped\",\"description\":\"Gyors \u00e9s megb\u00edzhat\u00f3 aut\u00f3ment\u0151 szolg\u00e1ltat\u00e1s 0-24 Borsod megy\u00e9ben\",\"publisher\":{\"@id\":\"https:\\\/\\\/fritz-sped.hu\\\/#organization\"},\"potentialAction\":[{\"@type\":\"SearchAction\",\"target\":{\"@type\":\"EntryPoint\",\"urlTemplate\":\"https:\\\/\\\/fritz-sped.hu\\\/?s={search_term_string}\"},\"query-input\":{\"@type\":\"PropertyValueSpecification\",\"valueRequired\":true,\"valueName\":\"search_term_string\"}}],\"inLanguage\":\"en-US\"},{\"@type\":\"Organization\",\"@id\":\"https:\\\/\\\/fritz-sped.hu\\\/#organization\",\"name\":\"Fritz-Sped Miskolc\",\"url\":\"https:\\\/\\\/fritz-sped.hu\\\/\",\"logo\":{\"@type\":\"ImageObject\",\"inLanguage\":\"en-US\",\"@id\":\"https:\\\/\\\/fritz-sped.hu\\\/#\\\/schema\\\/logo\\\/image\\\/\",\"url\":\"https:\\\/\\\/fritz-sped.hu\\\/wp-content\\\/uploads\\\/20250309_092835.jpg\",\"contentUrl\":\"https:\\\/\\\/fritz-sped.hu\\\/wp-content\\\/uploads\\\/20250309_092835.jpg\",\"width\":255,\"height\":191,\"caption\":\"Fritz-Sped Miskolc\"},\"image\":{\"@id\":\"https:\\\/\\\/fritz-sped.hu\\\/#\\\/schema\\\/logo\\\/image\\\/\"},\"sameAs\":[\"https:\\\/\\\/www.facebook.com\\\/fritzautomentes\\\/\"]}]}<\/script>\n<!-- \/ Yoast SEO plugin. -->","yoast_head_json":{"title":"Aut\u00f3ment\u00e9s Miskolc 0\u201324 | Gyors aut\u00f3ment\u0151 \u2013 Fritz-Sped","description":"0\u201324 \u00f3r\u00e1s aut\u00f3ment\u00e9s Miskolcon \u00e9s k\u00f6rny\u00e9k\u00e9n. Gyors ki\u00e9rkez\u00e9s, korrekt \u00e1rak, aut\u00f3sz\u00e1ll\u00edt\u00e1s \u00e9s aut\u00f3nyit\u00e1s. H\u00edvjon most!","robots":{"index":"index","follow":"follow","max-snippet":"max-snippet:-1","max-image-preview":"max-image-preview:large","max-video-preview":"max-video-preview:-1"},"canonical":"https:\/\/fritz-sped.hu\/en\/","og_locale":"en_US","og_type":"article","og_title":"[:hu]Aut\u00f3ment\u00e9s Miskolc 0\u201324 | Gyors aut\u00f3ment\u0151 \u2013 Fritz-Sped[:]","og_description":"[:hu]0\u201324 \u00f3r\u00e1s aut\u00f3ment\u00e9s Miskolcon \u00e9s k\u00f6rny\u00e9k\u00e9n. Gyors ki\u00e9rkez\u00e9s, korrekt \u00e1rak, aut\u00f3sz\u00e1ll\u00edt\u00e1s \u00e9s aut\u00f3nyit\u00e1s. H\u00edvjon most![:]","og_url":"https:\/\/fritz-sped.hu\/en\/","og_site_name":"Fritz-Sped Miskolc","article_publisher":"https:\/\/www.facebook.com\/fritzautomentes\/","article_modified_time":"2026-01-04T14:40:50+00:00","og_image":[{"width":2048,"height":1536,"url":"https:\/\/fritz-sped.hu\/wp-content\/uploads\/en.jpg","type":"image\/jpeg"}],"twitter_card":"summary_large_image","twitter_misc":{"Est. reading time":"3 minutes"},"schema":{"@context":"https:\/\/schema.org","@graph":[{"@type":"WebPage","@id":"https:\/\/fritz-sped.hu\/","url":"https:\/\/fritz-sped.hu\/","name":"Aut\u00f3ment\u00e9s Miskolc 0\u201324 | Gyors aut\u00f3ment\u0151 \u2013 Fritz-Sped","isPartOf":{"@id":"https:\/\/fritz-sped.hu\/#website"},"primaryImageOfPage":{"@id":"https:\/\/fritz-sped.hu\/#primaryimage"},"image":{"@id":"https:\/\/fritz-sped.hu\/#primaryimage"},"thumbnailUrl":"https:\/\/fritz-sped.hu\/wp-content\/uploads\/en-1024x768.jpg","datePublished":"2020-05-18T15:51:56+00:00","dateModified":"2026-01-04T14:40:50+00:00","description":"0\u201324 \u00f3r\u00e1s aut\u00f3ment\u00e9s Miskolcon \u00e9s k\u00f6rny\u00e9k\u00e9n. Gyors ki\u00e9rkez\u00e9s, korrekt \u00e1rak, aut\u00f3sz\u00e1ll\u00edt\u00e1s \u00e9s aut\u00f3nyit\u00e1s. H\u00edvjon most!","breadcrumb":{"@id":"https:\/\/fritz-sped.hu\/#breadcrumb"},"inLanguage":"en-US","potentialAction":[{"@type":"ReadAction","target":["https:\/\/fritz-sped.hu\/"]}]},{"@type":"ImageObject","inLanguage":"en-US","@id":"https:\/\/fritz-sped.hu\/#primaryimage","url":"https:\/\/fritz-sped.hu\/wp-content\/uploads\/en-1024x768.jpg","contentUrl":"https:\/\/fritz-sped.hu\/wp-content\/uploads\/en-1024x768.jpg"},{"@type":"BreadcrumbList","@id":"https:\/\/fritz-sped.hu\/#breadcrumb","itemListElement":[{"@type":"ListItem","position":1,"name":"Kezd\u0151lap","item":"https:\/\/fritz-sped.hu\/"},{"@type":"ListItem","position":2,"name":"Aut\u00f3ment\u00e9s Miskolc \u2013 Gyors, Nonstop Seg\u00edts\u00e9g"}]},{"@type":"WebSite","@id":"https:\/\/fritz-sped.hu\/#website","url":"https:\/\/fritz-sped.hu\/","name":"Aut\u00f3ment\u00e9s Miskolc \u2013 Fritz-Sped","description":"Gyors \u00e9s megb\u00edzhat\u00f3 aut\u00f3ment\u0151 szolg\u00e1ltat\u00e1s 0-24 Borsod megy\u00e9ben","publisher":{"@id":"https:\/\/fritz-sped.hu\/#organization"},"potentialAction":[{"@type":"SearchAction","target":{"@type":"EntryPoint","urlTemplate":"https:\/\/fritz-sped.hu\/?s={search_term_string}"},"query-input":{"@type":"PropertyValueSpecification","valueRequired":true,"valueName":"search_term_string"}}],"inLanguage":"en-US"},{"@type":"Organization","@id":"https:\/\/fritz-sped.hu\/#organization","name":"Fritz-Sped Miskolc","url":"https:\/\/fritz-sped.hu\/","logo":{"@type":"ImageObject","inLanguage":"en-US","@id":"https:\/\/fritz-sped.hu\/#\/schema\/logo\/image\/","url":"https:\/\/fritz-sped.hu\/wp-content\/uploads\/20250309_092835.jpg","contentUrl":"https:\/\/fritz-sped.hu\/wp-content\/uploads\/20250309_092835.jpg","width":255,"height":191,"caption":"Fritz-Sped Miskolc"},"image":{"@id":"https:\/\/fritz-sped.hu\/#\/schema\/logo\/image\/"},"sameAs":["https:\/\/www.facebook.com\/fritzautomentes\/"]}]}},"_links":{"self":[{"href":"https:\/\/fritz-sped.hu\/en\/wp-json\/wp\/v2\/pages\/155","targetHints":{"allow":["GET"]}}],"collection":[{"href":"https:\/\/fritz-sped.hu\/en\/wp-json\/wp\/v2\/pages"}],"about":[{"href":"https:\/\/fritz-sped.hu\/en\/wp-json\/wp\/v2\/types\/page"}],"author":[{"embeddable":true,"href":"https:\/\/fritz-sped.hu\/en\/wp-json\/wp\/v2\/users\/1"}],"replies":[{"embeddable":true,"href":"https:\/\/fritz-sped.hu\/en\/wp-json\/wp\/v2\/comments?post=155"}],"version-history":[{"count":104,"href":"https:\/\/fritz-sped.hu\/en\/wp-json\/wp\/v2\/pages\/155\/revisions"}],"predecessor-version":[{"id":607,"href":"https:\/\/fritz-sped.hu\/en\/wp-json\/wp\/v2\/pages\/155\/revisions\/607"}],"wp:attachment":[{"href":"https:\/\/fritz-sped.hu\/en\/wp-json\/wp\/v2\/media?parent=155"}],"curies":[{"name":"wp","href":"https:\/\/api.w.org\/{rel}","templated":true}]}}