{"id":187,"date":"2020-07-10T07:23:14","date_gmt":"2020-07-10T07:23:14","guid":{"rendered":"https:\/\/fritz-sped.hu\/?page_id=187"},"modified":"2025-06-03T12:01:33","modified_gmt":"2025-06-03T12:01:33","slug":"odtahova-sluzba-miskolc-nonstop-pomoc-fritz-sped","status":"publish","type":"page","link":"https:\/\/fritz-sped.hu\/en\/odtahova-sluzba-miskolc-nonstop-pomoc-fritz-sped\/","title":{"rendered":"V\u00edtajte!"},"content":{"rendered":"<div class=\"wp-block-image\">\n<figure class=\"alignleft size-large is-resized\"><img loading=\"lazy\" decoding=\"async\" width=\"275\" height=\"183\" src=\"https:\/\/fritz-sped.hu\/wp-content\/uploads\/z\u00e1szlo.png\" alt=\"\" class=\"wp-image-207\" style=\"width:112px;height:75px\"\/><\/figure>\n<\/div>\n\n\n<p><strong>Vitajte!<\/strong><\/p>\n\n\n\n<h1 class=\"wp-block-heading\">Od\u0165ahov\u00e1 slu\u017eba Miskolc a okolie \u2013 Nonstop pomoc s vozidlom<\/h1>\n\n\n\n<p>Havarovali ste alebo v\u00e1m vypovedalo auto slu\u017ebu? Nezost\u00e1vajte v probl\u00e9me sami! Fritz-Sped poskytuje <strong>spo\u013eahliv\u00fa a r\u00fdchlu od\u0165ahov\u00fa slu\u017ebu<\/strong> v Miskolci a okol\u00ed. Pracujeme <strong>24 hod\u00edn denne<\/strong>, aj cez v\u00edkendy a sviatky. \u010ci u\u017e ide o poruchu, nehodu alebo prevoz vozidla, sme pripraven\u00ed zasiahnu\u0165.<\/p>\n\n\n\n<p>Zavolajte n\u00e1s teraz: <a href=\"tel:+36706148908\">+36 70 614 8908<\/a> \u2013 pr\u00eddeme r\u00fdchlo a bez zbyto\u010dn\u00e9ho \u010dakania.<\/p>\n\n\n\n\n\n<p>T\u00f3th Fritz Tam\u00e1s<\/p>\n","protected":false},"excerpt":{"rendered":"<p>Vitajte! Od\u0165ahov\u00e1 slu\u017eba Miskolc a okolie \u2013 Nonstop pomoc s vozidlom Havarovali [&hellip;]<\/p>\n","protected":false},"author":1,"featured_media":0,"parent":0,"menu_order":0,"comment_status":"closed","ping_status":"closed","template":"","meta":{"footnotes":""},"class_list":["post-187","page","type-page","status-publish","hentry"],"yoast_head":"<!-- This site is optimized with the Yoast SEO plugin v27.3 - https:\/\/yoast.com\/product\/yoast-seo-wordpress\/ -->\n<title>V\u00edtajte!<\/title>\n<meta name=\"description\" content=\"Spo\u013eahliv\u00e1 od\u0165ahov\u00e1 slu\u017eba v Miskolci a okol\u00ed. Pomoc pri poruche, nehode alebo prevoze auta \u2013 24\/7 k dispoz\u00edcii. R\u00fdchlo, bezpe\u010dne, nonstop.\" \/>\n<meta name=\"robots\" content=\"index, follow, max-snippet:-1, max-image-preview:large, max-video-preview:-1\" \/>\n<link rel=\"canonical\" href=\"https:\/\/fritz-sped.hu\/en\/odtahova-sluzba-miskolc-nonstop-pomoc-fritz-sped\/\" \/>\n<meta property=\"og:locale\" content=\"en_US\" \/>\n<meta property=\"og:locale:alternate\" content=\"hu_HU\" \/>\n<meta property=\"og:type\" content=\"article\" \/>\n<meta property=\"og:title\" content=\"V\u00edtajte!\" \/>\n<meta property=\"og:description\" content=\"Spo\u013eahliv\u00e1 od\u0165ahov\u00e1 slu\u017eba v Miskolci a okol\u00ed. Pomoc pri poruche, nehode alebo prevoze auta \u2013 24\/7 k dispoz\u00edcii. R\u00fdchlo, bezpe\u010dne, nonstop.\" \/>\n<meta property=\"og:url\" content=\"https:\/\/fritz-sped.hu\/en\/odtahova-sluzba-miskolc-nonstop-pomoc-fritz-sped\/\" \/>\n<meta property=\"og:site_name\" content=\"Fritz-Sped Miskolc\" \/>\n<meta property=\"article:publisher\" content=\"https:\/\/www.facebook.com\/fritzautomentes\/\" \/>\n<meta property=\"article:modified_time\" content=\"2025-06-03T12:01:33+00:00\" \/>\n<meta name=\"twitter:card\" content=\"summary_large_image\" \/>\n<meta name=\"twitter:label1\" content=\"Est. reading time\" \/>\n\t<meta name=\"twitter:data1\" content=\"1 minute\" \/>\n<script type=\"application\/ld+json\" class=\"yoast-schema-graph\">{\"@context\":\"https:\\\/\\\/schema.org\",\"@graph\":[{\"@type\":\"WebPage\",\"@id\":\"https:\\\/\\\/fritz-sped.hu\\\/odtahova-sluzba-miskolc-nonstop-pomoc-fritz-sped\\\/\",\"url\":\"https:\\\/\\\/fritz-sped.hu\\\/odtahova-sluzba-miskolc-nonstop-pomoc-fritz-sped\\\/\",\"name\":\"V\u00edtajte!\",\"isPartOf\":{\"@id\":\"https:\\\/\\\/fritz-sped.hu\\\/#website\"},\"datePublished\":\"2020-07-10T07:23:14+00:00\",\"dateModified\":\"2025-06-03T12:01:33+00:00\",\"description\":\"Spo\u013eahliv\u00e1 od\u0165ahov\u00e1 slu\u017eba v Miskolci a okol\u00ed. Pomoc pri poruche, nehode alebo prevoze auta \u2013 24\\\/7 k dispoz\u00edcii. R\u00fdchlo, bezpe\u010dne, nonstop.\",\"breadcrumb\":{\"@id\":\"https:\\\/\\\/fritz-sped.hu\\\/odtahova-sluzba-miskolc-nonstop-pomoc-fritz-sped\\\/#breadcrumb\"},\"inLanguage\":\"en-US\",\"potentialAction\":[{\"@type\":\"ReadAction\",\"target\":[\"https:\\\/\\\/fritz-sped.hu\\\/odtahova-sluzba-miskolc-nonstop-pomoc-fritz-sped\\\/\"]}]},{\"@type\":\"BreadcrumbList\",\"@id\":\"https:\\\/\\\/fritz-sped.hu\\\/odtahova-sluzba-miskolc-nonstop-pomoc-fritz-sped\\\/#breadcrumb\",\"itemListElement\":[{\"@type\":\"ListItem\",\"position\":1,\"name\":\"Kezd\u0151lap\",\"item\":\"https:\\\/\\\/fritz-sped.hu\\\/\"},{\"@type\":\"ListItem\",\"position\":2,\"name\":\"V\u00edtajte!\"}]},{\"@type\":\"WebSite\",\"@id\":\"https:\\\/\\\/fritz-sped.hu\\\/#website\",\"url\":\"https:\\\/\\\/fritz-sped.hu\\\/\",\"name\":\"Aut\u00f3ment\u00e9s Miskolc \u2013 Fritz-Sped\",\"description\":\"Gyors \u00e9s megb\u00edzhat\u00f3 aut\u00f3ment\u0151 szolg\u00e1ltat\u00e1s 0-24 Borsod megy\u00e9ben\",\"publisher\":{\"@id\":\"https:\\\/\\\/fritz-sped.hu\\\/#organization\"},\"potentialAction\":[{\"@type\":\"SearchAction\",\"target\":{\"@type\":\"EntryPoint\",\"urlTemplate\":\"https:\\\/\\\/fritz-sped.hu\\\/?s={search_term_string}\"},\"query-input\":{\"@type\":\"PropertyValueSpecification\",\"valueRequired\":true,\"valueName\":\"search_term_string\"}}],\"inLanguage\":\"en-US\"},{\"@type\":\"Organization\",\"@id\":\"https:\\\/\\\/fritz-sped.hu\\\/#organization\",\"name\":\"Fritz-Sped Miskolc\",\"url\":\"https:\\\/\\\/fritz-sped.hu\\\/\",\"logo\":{\"@type\":\"ImageObject\",\"inLanguage\":\"en-US\",\"@id\":\"https:\\\/\\\/fritz-sped.hu\\\/#\\\/schema\\\/logo\\\/image\\\/\",\"url\":\"https:\\\/\\\/fritz-sped.hu\\\/wp-content\\\/uploads\\\/20250309_092835.jpg\",\"contentUrl\":\"https:\\\/\\\/fritz-sped.hu\\\/wp-content\\\/uploads\\\/20250309_092835.jpg\",\"width\":255,\"height\":191,\"caption\":\"Fritz-Sped Miskolc\"},\"image\":{\"@id\":\"https:\\\/\\\/fritz-sped.hu\\\/#\\\/schema\\\/logo\\\/image\\\/\"},\"sameAs\":[\"https:\\\/\\\/www.facebook.com\\\/fritzautomentes\\\/\"]}]}<\/script>\n<!-- \/ Yoast SEO plugin. -->","yoast_head_json":{"title":"V\u00edtajte!","description":"Spo\u013eahliv\u00e1 od\u0165ahov\u00e1 slu\u017eba v Miskolci a okol\u00ed. Pomoc pri poruche, nehode alebo prevoze auta \u2013 24\/7 k dispoz\u00edcii. R\u00fdchlo, bezpe\u010dne, nonstop.","robots":{"index":"index","follow":"follow","max-snippet":"max-snippet:-1","max-image-preview":"max-image-preview:large","max-video-preview":"max-video-preview:-1"},"canonical":"https:\/\/fritz-sped.hu\/en\/odtahova-sluzba-miskolc-nonstop-pomoc-fritz-sped\/","og_locale":"en_US","og_type":"article","og_title":"[:hu]V\u00edtajte![:] - Fritz-Sped Miskolc","og_description":"[:hu]Spo\u013eahliv\u00e1 od\u0165ahov\u00e1 slu\u017eba v Miskolci a okol\u00ed. Pomoc pri poruche, nehode alebo prevoze auta \u2013 24\/7 k dispoz\u00edcii. R\u00fdchlo, bezpe\u010dne, nonstop.[:]","og_url":"https:\/\/fritz-sped.hu\/en\/odtahova-sluzba-miskolc-nonstop-pomoc-fritz-sped\/","og_site_name":"Fritz-Sped Miskolc","article_publisher":"https:\/\/www.facebook.com\/fritzautomentes\/","article_modified_time":"2025-06-03T12:01:33+00:00","twitter_card":"summary_large_image","twitter_misc":{"Est. reading time":"1 minute"},"schema":{"@context":"https:\/\/schema.org","@graph":[{"@type":"WebPage","@id":"https:\/\/fritz-sped.hu\/odtahova-sluzba-miskolc-nonstop-pomoc-fritz-sped\/","url":"https:\/\/fritz-sped.hu\/odtahova-sluzba-miskolc-nonstop-pomoc-fritz-sped\/","name":"V\u00edtajte!","isPartOf":{"@id":"https:\/\/fritz-sped.hu\/#website"},"datePublished":"2020-07-10T07:23:14+00:00","dateModified":"2025-06-03T12:01:33+00:00","description":"Spo\u013eahliv\u00e1 od\u0165ahov\u00e1 slu\u017eba v Miskolci a okol\u00ed. Pomoc pri poruche, nehode alebo prevoze auta \u2013 24\/7 k dispoz\u00edcii. R\u00fdchlo, bezpe\u010dne, nonstop.","breadcrumb":{"@id":"https:\/\/fritz-sped.hu\/odtahova-sluzba-miskolc-nonstop-pomoc-fritz-sped\/#breadcrumb"},"inLanguage":"en-US","potentialAction":[{"@type":"ReadAction","target":["https:\/\/fritz-sped.hu\/odtahova-sluzba-miskolc-nonstop-pomoc-fritz-sped\/"]}]},{"@type":"BreadcrumbList","@id":"https:\/\/fritz-sped.hu\/odtahova-sluzba-miskolc-nonstop-pomoc-fritz-sped\/#breadcrumb","itemListElement":[{"@type":"ListItem","position":1,"name":"Kezd\u0151lap","item":"https:\/\/fritz-sped.hu\/"},{"@type":"ListItem","position":2,"name":"V\u00edtajte!"}]},{"@type":"WebSite","@id":"https:\/\/fritz-sped.hu\/#website","url":"https:\/\/fritz-sped.hu\/","name":"Aut\u00f3ment\u00e9s Miskolc \u2013 Fritz-Sped","description":"Gyors \u00e9s megb\u00edzhat\u00f3 aut\u00f3ment\u0151 szolg\u00e1ltat\u00e1s 0-24 Borsod megy\u00e9ben","publisher":{"@id":"https:\/\/fritz-sped.hu\/#organization"},"potentialAction":[{"@type":"SearchAction","target":{"@type":"EntryPoint","urlTemplate":"https:\/\/fritz-sped.hu\/?s={search_term_string}"},"query-input":{"@type":"PropertyValueSpecification","valueRequired":true,"valueName":"search_term_string"}}],"inLanguage":"en-US"},{"@type":"Organization","@id":"https:\/\/fritz-sped.hu\/#organization","name":"Fritz-Sped Miskolc","url":"https:\/\/fritz-sped.hu\/","logo":{"@type":"ImageObject","inLanguage":"en-US","@id":"https:\/\/fritz-sped.hu\/#\/schema\/logo\/image\/","url":"https:\/\/fritz-sped.hu\/wp-content\/uploads\/20250309_092835.jpg","contentUrl":"https:\/\/fritz-sped.hu\/wp-content\/uploads\/20250309_092835.jpg","width":255,"height":191,"caption":"Fritz-Sped Miskolc"},"image":{"@id":"https:\/\/fritz-sped.hu\/#\/schema\/logo\/image\/"},"sameAs":["https:\/\/www.facebook.com\/fritzautomentes\/"]}]}},"_links":{"self":[{"href":"https:\/\/fritz-sped.hu\/en\/wp-json\/wp\/v2\/pages\/187","targetHints":{"allow":["GET"]}}],"collection":[{"href":"https:\/\/fritz-sped.hu\/en\/wp-json\/wp\/v2\/pages"}],"about":[{"href":"https:\/\/fritz-sped.hu\/en\/wp-json\/wp\/v2\/types\/page"}],"author":[{"embeddable":true,"href":"https:\/\/fritz-sped.hu\/en\/wp-json\/wp\/v2\/users\/1"}],"replies":[{"embeddable":true,"href":"https:\/\/fritz-sped.hu\/en\/wp-json\/wp\/v2\/comments?post=187"}],"version-history":[{"count":7,"href":"https:\/\/fritz-sped.hu\/en\/wp-json\/wp\/v2\/pages\/187\/revisions"}],"predecessor-version":[{"id":528,"href":"https:\/\/fritz-sped.hu\/en\/wp-json\/wp\/v2\/pages\/187\/revisions\/528"}],"wp:attachment":[{"href":"https:\/\/fritz-sped.hu\/en\/wp-json\/wp\/v2\/media?parent=187"}],"curies":[{"name":"wp","href":"https:\/\/api.w.org\/{rel}","templated":true}]}}