{"id":188,"date":"2020-07-10T07:23:14","date_gmt":"2020-07-10T07:23:14","guid":{"rendered":"https:\/\/fritz-sped.hu\/?page_id=188"},"modified":"2025-06-03T12:03:54","modified_gmt":"2025-06-03T12:03:54","slug":"odtahova-sluzba-miskolc-0-24-pomoc-pri-nehode-a-poruche","status":"publish","type":"page","link":"https:\/\/fritz-sped.hu\/en\/odtahova-sluzba-miskolc-0-24-pomoc-pri-nehode-a-poruche\/","title":{"rendered":"Od\u0165ahov\u00e1 slu\u017eba"},"content":{"rendered":"\n<h1 class=\"wp-block-heading\">Od\u0165ahov\u00e1 slu\u017eba Miskolc \u2013 R\u00fdchla pomoc 0-24 hod\u00edn<\/h1>\n\n\n\n<p>M\u00e1te pokazen\u00e9 auto? Stala sa v\u00e1m dopravn\u00e1 nehoda? Sme tu pre v\u00e1s nonstop! Fritz-Sped pon\u00faka <strong>od\u0165ahov\u00fa slu\u017ebu v Miskolci a celom okol\u00ed<\/strong>. Pr\u00eddeme r\u00fdchlo, spo\u013eahlivo a <strong>bez po\u0161kodenia vozidla<\/strong>. Pom\u00e1hame pri poruch\u00e1ch, nehod\u00e1ch aj s prevozom \u00e1ut \u2013 osobn\u00fdch aj \u00fa\u017eitkov\u00fdch.<\/p>\n\n\n\n<p>Zavolajte n\u00e1s <strong>kedyko\u013evek \u2013 24\/7<\/strong> a sme na ceste: <a href=\"tel:+36706148908\">+36 70 614 8908<\/a><\/p>\n\n\n\n<p>S nami ste v bezpe\u010d\u00ed \u2013 <strong>Fritz-Sped<\/strong> je va\u0161a prv\u00e1 pomoc na ceste.<\/p>\n\n\n\n<figure class=\"wp-block-image size-large\"><img loading=\"lazy\" decoding=\"async\" width=\"1024\" height=\"768\" src=\"https:\/\/fritz-sped.hu\/wp-content\/uploads\/pizza-1024x768.jpg\" alt=\"\" class=\"wp-image-480\" srcset=\"https:\/\/fritz-sped.hu\/wp-content\/uploads\/pizza-1024x768.jpg 1024w, https:\/\/fritz-sped.hu\/wp-content\/uploads\/pizza-300x225.jpg 300w, https:\/\/fritz-sped.hu\/wp-content\/uploads\/pizza-768x576.jpg 768w, https:\/\/fritz-sped.hu\/wp-content\/uploads\/pizza-1536x1152.jpg 1536w, https:\/\/fritz-sped.hu\/wp-content\/uploads\/pizza.jpg 2048w\" sizes=\"auto, (max-width: 1024px) 100vw, 1024px\" \/><\/figure>\n","protected":false},"excerpt":{"rendered":"<p>Od\u0165ahov\u00e1 slu\u017eba Miskolc \u2013 R\u00fdchla pomoc 0-24 hod\u00edn M\u00e1te pokazen\u00e9 auto? Stala [&hellip;]<\/p>\n","protected":false},"author":1,"featured_media":0,"parent":0,"menu_order":0,"comment_status":"closed","ping_status":"closed","template":"","meta":{"footnotes":""},"class_list":["post-188","page","type-page","status-publish","hentry"],"yoast_head":"<!-- This site is optimized with the Yoast SEO plugin v27.3 - https:\/\/yoast.com\/product\/yoast-seo-wordpress\/ -->\n<title>Od\u0165ahov\u00e1 slu\u017eba<\/title>\n<meta name=\"description\" content=\"R\u00fdchla od\u0165ahov\u00e1 slu\u017eba v Miskolci. Pomoc pri poruche, nehode alebo prevoze auta. K dispoz\u00edcii nonstop, volajte Fritz-Sped: +36 70 614 8908.\" \/>\n<meta name=\"robots\" content=\"index, follow, max-snippet:-1, max-image-preview:large, max-video-preview:-1\" \/>\n<link rel=\"canonical\" href=\"https:\/\/fritz-sped.hu\/en\/odtahova-sluzba-miskolc-0-24-pomoc-pri-nehode-a-poruche\/\" \/>\n<meta property=\"og:locale\" content=\"en_US\" \/>\n<meta property=\"og:locale:alternate\" content=\"hu_HU\" \/>\n<meta property=\"og:type\" content=\"article\" \/>\n<meta property=\"og:title\" content=\"Od\u0165ahov\u00e1 slu\u017eba\" \/>\n<meta property=\"og:description\" content=\"R\u00fdchla od\u0165ahov\u00e1 slu\u017eba v Miskolci. Pomoc pri poruche, nehode alebo prevoze auta. K dispoz\u00edcii nonstop, volajte Fritz-Sped: +36 70 614 8908.\" \/>\n<meta property=\"og:url\" content=\"https:\/\/fritz-sped.hu\/en\/odtahova-sluzba-miskolc-0-24-pomoc-pri-nehode-a-poruche\/\" \/>\n<meta property=\"og:site_name\" content=\"Fritz-Sped Miskolc\" \/>\n<meta property=\"article:publisher\" content=\"https:\/\/www.facebook.com\/fritzautomentes\/\" \/>\n<meta property=\"article:modified_time\" content=\"2025-06-03T12:03:54+00:00\" \/>\n<meta property=\"og:image\" content=\"https:\/\/fritz-sped.hu\/wp-content\/uploads\/pizza.jpg\" \/>\n\t<meta property=\"og:image:width\" content=\"2048\" \/>\n\t<meta property=\"og:image:height\" content=\"1536\" \/>\n\t<meta property=\"og:image:type\" content=\"image\/jpeg\" \/>\n<meta name=\"twitter:card\" content=\"summary_large_image\" \/>\n<meta name=\"twitter:label1\" content=\"Est. reading time\" \/>\n\t<meta name=\"twitter:data1\" content=\"1 minute\" \/>\n<script type=\"application\/ld+json\" class=\"yoast-schema-graph\">{\"@context\":\"https:\\\/\\\/schema.org\",\"@graph\":[{\"@type\":\"WebPage\",\"@id\":\"https:\\\/\\\/fritz-sped.hu\\\/odtahova-sluzba-miskolc-0-24-pomoc-pri-nehode-a-poruche\\\/\",\"url\":\"https:\\\/\\\/fritz-sped.hu\\\/odtahova-sluzba-miskolc-0-24-pomoc-pri-nehode-a-poruche\\\/\",\"name\":\"Od\u0165ahov\u00e1 slu\u017eba\",\"isPartOf\":{\"@id\":\"https:\\\/\\\/fritz-sped.hu\\\/#website\"},\"primaryImageOfPage\":{\"@id\":\"https:\\\/\\\/fritz-sped.hu\\\/odtahova-sluzba-miskolc-0-24-pomoc-pri-nehode-a-poruche\\\/#primaryimage\"},\"image\":{\"@id\":\"https:\\\/\\\/fritz-sped.hu\\\/odtahova-sluzba-miskolc-0-24-pomoc-pri-nehode-a-poruche\\\/#primaryimage\"},\"thumbnailUrl\":\"https:\\\/\\\/fritz-sped.hu\\\/wp-content\\\/uploads\\\/pizza-1024x768.jpg\",\"datePublished\":\"2020-07-10T07:23:14+00:00\",\"dateModified\":\"2025-06-03T12:03:54+00:00\",\"description\":\"R\u00fdchla od\u0165ahov\u00e1 slu\u017eba v Miskolci. Pomoc pri poruche, nehode alebo prevoze auta. K dispoz\u00edcii nonstop, volajte Fritz-Sped: +36 70 614 8908.\",\"breadcrumb\":{\"@id\":\"https:\\\/\\\/fritz-sped.hu\\\/odtahova-sluzba-miskolc-0-24-pomoc-pri-nehode-a-poruche\\\/#breadcrumb\"},\"inLanguage\":\"en-US\",\"potentialAction\":[{\"@type\":\"ReadAction\",\"target\":[\"https:\\\/\\\/fritz-sped.hu\\\/odtahova-sluzba-miskolc-0-24-pomoc-pri-nehode-a-poruche\\\/\"]}]},{\"@type\":\"ImageObject\",\"inLanguage\":\"en-US\",\"@id\":\"https:\\\/\\\/fritz-sped.hu\\\/odtahova-sluzba-miskolc-0-24-pomoc-pri-nehode-a-poruche\\\/#primaryimage\",\"url\":\"https:\\\/\\\/fritz-sped.hu\\\/wp-content\\\/uploads\\\/pizza-1024x768.jpg\",\"contentUrl\":\"https:\\\/\\\/fritz-sped.hu\\\/wp-content\\\/uploads\\\/pizza-1024x768.jpg\"},{\"@type\":\"BreadcrumbList\",\"@id\":\"https:\\\/\\\/fritz-sped.hu\\\/odtahova-sluzba-miskolc-0-24-pomoc-pri-nehode-a-poruche\\\/#breadcrumb\",\"itemListElement\":[{\"@type\":\"ListItem\",\"position\":1,\"name\":\"Kezd\u0151lap\",\"item\":\"https:\\\/\\\/fritz-sped.hu\\\/\"},{\"@type\":\"ListItem\",\"position\":2,\"name\":\"Od\u0165ahov\u00e1 slu\u017eba\"}]},{\"@type\":\"WebSite\",\"@id\":\"https:\\\/\\\/fritz-sped.hu\\\/#website\",\"url\":\"https:\\\/\\\/fritz-sped.hu\\\/\",\"name\":\"Aut\u00f3ment\u00e9s Miskolc \u2013 Fritz-Sped\",\"description\":\"Gyors \u00e9s megb\u00edzhat\u00f3 aut\u00f3ment\u0151 szolg\u00e1ltat\u00e1s 0-24 Borsod megy\u00e9ben\",\"publisher\":{\"@id\":\"https:\\\/\\\/fritz-sped.hu\\\/#organization\"},\"potentialAction\":[{\"@type\":\"SearchAction\",\"target\":{\"@type\":\"EntryPoint\",\"urlTemplate\":\"https:\\\/\\\/fritz-sped.hu\\\/?s={search_term_string}\"},\"query-input\":{\"@type\":\"PropertyValueSpecification\",\"valueRequired\":true,\"valueName\":\"search_term_string\"}}],\"inLanguage\":\"en-US\"},{\"@type\":\"Organization\",\"@id\":\"https:\\\/\\\/fritz-sped.hu\\\/#organization\",\"name\":\"Fritz-Sped Miskolc\",\"url\":\"https:\\\/\\\/fritz-sped.hu\\\/\",\"logo\":{\"@type\":\"ImageObject\",\"inLanguage\":\"en-US\",\"@id\":\"https:\\\/\\\/fritz-sped.hu\\\/#\\\/schema\\\/logo\\\/image\\\/\",\"url\":\"https:\\\/\\\/fritz-sped.hu\\\/wp-content\\\/uploads\\\/20250309_092835.jpg\",\"contentUrl\":\"https:\\\/\\\/fritz-sped.hu\\\/wp-content\\\/uploads\\\/20250309_092835.jpg\",\"width\":255,\"height\":191,\"caption\":\"Fritz-Sped Miskolc\"},\"image\":{\"@id\":\"https:\\\/\\\/fritz-sped.hu\\\/#\\\/schema\\\/logo\\\/image\\\/\"},\"sameAs\":[\"https:\\\/\\\/www.facebook.com\\\/fritzautomentes\\\/\"]}]}<\/script>\n<!-- \/ Yoast SEO plugin. -->","yoast_head_json":{"title":"Od\u0165ahov\u00e1 slu\u017eba","description":"R\u00fdchla od\u0165ahov\u00e1 slu\u017eba v Miskolci. Pomoc pri poruche, nehode alebo prevoze auta. K dispoz\u00edcii nonstop, volajte Fritz-Sped: +36 70 614 8908.","robots":{"index":"index","follow":"follow","max-snippet":"max-snippet:-1","max-image-preview":"max-image-preview:large","max-video-preview":"max-video-preview:-1"},"canonical":"https:\/\/fritz-sped.hu\/en\/odtahova-sluzba-miskolc-0-24-pomoc-pri-nehode-a-poruche\/","og_locale":"en_US","og_type":"article","og_title":"[:hu]Od\u0165ahov\u00e1 slu\u017eba[:] - Fritz-Sped Miskolc","og_description":"[:hu]R\u00fdchla od\u0165ahov\u00e1 slu\u017eba v Miskolci. Pomoc pri poruche, nehode alebo prevoze auta. K dispoz\u00edcii nonstop, volajte Fritz-Sped: +36 70 614 8908.[:]","og_url":"https:\/\/fritz-sped.hu\/en\/odtahova-sluzba-miskolc-0-24-pomoc-pri-nehode-a-poruche\/","og_site_name":"Fritz-Sped Miskolc","article_publisher":"https:\/\/www.facebook.com\/fritzautomentes\/","article_modified_time":"2025-06-03T12:03:54+00:00","og_image":[{"width":2048,"height":1536,"url":"https:\/\/fritz-sped.hu\/wp-content\/uploads\/pizza.jpg","type":"image\/jpeg"}],"twitter_card":"summary_large_image","twitter_misc":{"Est. reading time":"1 minute"},"schema":{"@context":"https:\/\/schema.org","@graph":[{"@type":"WebPage","@id":"https:\/\/fritz-sped.hu\/odtahova-sluzba-miskolc-0-24-pomoc-pri-nehode-a-poruche\/","url":"https:\/\/fritz-sped.hu\/odtahova-sluzba-miskolc-0-24-pomoc-pri-nehode-a-poruche\/","name":"Od\u0165ahov\u00e1 slu\u017eba","isPartOf":{"@id":"https:\/\/fritz-sped.hu\/#website"},"primaryImageOfPage":{"@id":"https:\/\/fritz-sped.hu\/odtahova-sluzba-miskolc-0-24-pomoc-pri-nehode-a-poruche\/#primaryimage"},"image":{"@id":"https:\/\/fritz-sped.hu\/odtahova-sluzba-miskolc-0-24-pomoc-pri-nehode-a-poruche\/#primaryimage"},"thumbnailUrl":"https:\/\/fritz-sped.hu\/wp-content\/uploads\/pizza-1024x768.jpg","datePublished":"2020-07-10T07:23:14+00:00","dateModified":"2025-06-03T12:03:54+00:00","description":"R\u00fdchla od\u0165ahov\u00e1 slu\u017eba v Miskolci. Pomoc pri poruche, nehode alebo prevoze auta. K dispoz\u00edcii nonstop, volajte Fritz-Sped: +36 70 614 8908.","breadcrumb":{"@id":"https:\/\/fritz-sped.hu\/odtahova-sluzba-miskolc-0-24-pomoc-pri-nehode-a-poruche\/#breadcrumb"},"inLanguage":"en-US","potentialAction":[{"@type":"ReadAction","target":["https:\/\/fritz-sped.hu\/odtahova-sluzba-miskolc-0-24-pomoc-pri-nehode-a-poruche\/"]}]},{"@type":"ImageObject","inLanguage":"en-US","@id":"https:\/\/fritz-sped.hu\/odtahova-sluzba-miskolc-0-24-pomoc-pri-nehode-a-poruche\/#primaryimage","url":"https:\/\/fritz-sped.hu\/wp-content\/uploads\/pizza-1024x768.jpg","contentUrl":"https:\/\/fritz-sped.hu\/wp-content\/uploads\/pizza-1024x768.jpg"},{"@type":"BreadcrumbList","@id":"https:\/\/fritz-sped.hu\/odtahova-sluzba-miskolc-0-24-pomoc-pri-nehode-a-poruche\/#breadcrumb","itemListElement":[{"@type":"ListItem","position":1,"name":"Kezd\u0151lap","item":"https:\/\/fritz-sped.hu\/"},{"@type":"ListItem","position":2,"name":"Od\u0165ahov\u00e1 slu\u017eba"}]},{"@type":"WebSite","@id":"https:\/\/fritz-sped.hu\/#website","url":"https:\/\/fritz-sped.hu\/","name":"Aut\u00f3ment\u00e9s Miskolc \u2013 Fritz-Sped","description":"Gyors \u00e9s megb\u00edzhat\u00f3 aut\u00f3ment\u0151 szolg\u00e1ltat\u00e1s 0-24 Borsod megy\u00e9ben","publisher":{"@id":"https:\/\/fritz-sped.hu\/#organization"},"potentialAction":[{"@type":"SearchAction","target":{"@type":"EntryPoint","urlTemplate":"https:\/\/fritz-sped.hu\/?s={search_term_string}"},"query-input":{"@type":"PropertyValueSpecification","valueRequired":true,"valueName":"search_term_string"}}],"inLanguage":"en-US"},{"@type":"Organization","@id":"https:\/\/fritz-sped.hu\/#organization","name":"Fritz-Sped Miskolc","url":"https:\/\/fritz-sped.hu\/","logo":{"@type":"ImageObject","inLanguage":"en-US","@id":"https:\/\/fritz-sped.hu\/#\/schema\/logo\/image\/","url":"https:\/\/fritz-sped.hu\/wp-content\/uploads\/20250309_092835.jpg","contentUrl":"https:\/\/fritz-sped.hu\/wp-content\/uploads\/20250309_092835.jpg","width":255,"height":191,"caption":"Fritz-Sped Miskolc"},"image":{"@id":"https:\/\/fritz-sped.hu\/#\/schema\/logo\/image\/"},"sameAs":["https:\/\/www.facebook.com\/fritzautomentes\/"]}]}},"_links":{"self":[{"href":"https:\/\/fritz-sped.hu\/en\/wp-json\/wp\/v2\/pages\/188","targetHints":{"allow":["GET"]}}],"collection":[{"href":"https:\/\/fritz-sped.hu\/en\/wp-json\/wp\/v2\/pages"}],"about":[{"href":"https:\/\/fritz-sped.hu\/en\/wp-json\/wp\/v2\/types\/page"}],"author":[{"embeddable":true,"href":"https:\/\/fritz-sped.hu\/en\/wp-json\/wp\/v2\/users\/1"}],"replies":[{"embeddable":true,"href":"https:\/\/fritz-sped.hu\/en\/wp-json\/wp\/v2\/comments?post=188"}],"version-history":[{"count":3,"href":"https:\/\/fritz-sped.hu\/en\/wp-json\/wp\/v2\/pages\/188\/revisions"}],"predecessor-version":[{"id":530,"href":"https:\/\/fritz-sped.hu\/en\/wp-json\/wp\/v2\/pages\/188\/revisions\/530"}],"wp:attachment":[{"href":"https:\/\/fritz-sped.hu\/en\/wp-json\/wp\/v2\/media?parent=188"}],"curies":[{"name":"wp","href":"https:\/\/api.w.org\/{rel}","templated":true}]}}