{"id":189,"date":"2020-07-10T07:23:14","date_gmt":"2020-07-10T07:23:14","guid":{"rendered":"https:\/\/fritz-sped.hu\/?page_id=189"},"modified":"2025-06-03T12:18:39","modified_gmt":"2025-06-03T12:18:39","slug":"otvorenie-auta-miskolc-bez-poskodenia-rychla-pomoc-0-24","status":"publish","type":"page","link":"https:\/\/fritz-sped.hu\/en\/otvorenie-auta-miskolc-bez-poskodenia-rychla-pomoc-0-24\/","title":{"rendered":"Prevoz \u00e1ut"},"content":{"rendered":"\n<h1 class=\"wp-block-heading\">Otvorenie auta bez po\u0161kodenia \u2013 Nonstop pomoc<\/h1>\n\n\n\n<p>Zamkli ste si k\u013e\u00fa\u010de v aute? Zasekol sa z\u00e1mok alebo nefunguje dia\u013ekov\u00e9 ovl\u00e1danie? S Fritz-Sped to vyrie\u0161ime r\u00fdchlo a <strong>bez ak\u00e9hoko\u013evek po\u0161kodenia<\/strong>. Poskytujeme <strong>otv\u00e1ranie vozidiel 0\u201324<\/strong> v Miskolci a okol\u00ed.<\/p>\n\n\n\n<p>Na\u0161i sk\u00fasen\u00ed odborn\u00edci dok\u00e1\u017eu otvori\u0165 v\u00e4\u010d\u0161inu typov osobn\u00fdch \u00e1ut a dod\u00e1vok bezpe\u010dne, bez po\u0161kodenia dver\u00ed, z\u00e1mku alebo okna. Reagujeme r\u00fdchlo \u2013 u\u017e do 30 min\u00fat sme u v\u00e1s!<\/p>\n\n\n\n<p><strong>Zavolajte teraz:<\/strong> <a href=\"tel:+36706148908\">+36 70 614 8908<\/a> \u2013 a okam\u017eite vyr\u00e1\u017eame.<\/p>\n\n\n\n<figure class=\"wp-block-image size-large\"><img loading=\"lazy\" decoding=\"async\" width=\"1024\" height=\"768\" src=\"https:\/\/fritz-sped.hu\/wp-content\/uploads\/Autozar-nyitas-ara-1024x768.jpg\" alt=\"\" class=\"wp-image-183\" srcset=\"https:\/\/fritz-sped.hu\/wp-content\/uploads\/Autozar-nyitas-ara-1024x768.jpg 1024w, https:\/\/fritz-sped.hu\/wp-content\/uploads\/Autozar-nyitas-ara-300x225.jpg 300w, https:\/\/fritz-sped.hu\/wp-content\/uploads\/Autozar-nyitas-ara-768x576.jpg 768w, https:\/\/fritz-sped.hu\/wp-content\/uploads\/Autozar-nyitas-ara.jpg 1280w\" sizes=\"auto, (max-width: 1024px) 100vw, 1024px\" \/><\/figure>\n","protected":false},"excerpt":{"rendered":"<p>Otvorenie auta bez po\u0161kodenia \u2013 Nonstop pomoc Zamkli ste si k\u013e\u00fa\u010de v [&hellip;]<\/p>\n","protected":false},"author":1,"featured_media":0,"parent":0,"menu_order":0,"comment_status":"closed","ping_status":"closed","template":"","meta":{"footnotes":""},"class_list":["post-189","page","type-page","status-publish","hentry"],"yoast_head":"<!-- This site is optimized with the Yoast SEO plugin v27.3 - https:\/\/yoast.com\/product\/yoast-seo-wordpress\/ -->\n<title>Prevoz \u00e1ut<\/title>\n<meta name=\"description\" content=\"Zamkli ste si k\u013e\u00fa\u010de v aute? Fritz-Sped otvor\u00ed vozidlo r\u00fdchlo a bez po\u0161kodenia. Miskolc a okolie, nonstop slu\u017eba. Volajte: +36 70 614 8908.\" \/>\n<meta name=\"robots\" content=\"index, follow, max-snippet:-1, max-image-preview:large, max-video-preview:-1\" \/>\n<link rel=\"canonical\" href=\"https:\/\/fritz-sped.hu\/en\/otvorenie-auta-miskolc-bez-poskodenia-rychla-pomoc-0-24\/\" \/>\n<meta property=\"og:locale\" content=\"en_US\" \/>\n<meta property=\"og:locale:alternate\" content=\"hu_HU\" \/>\n<meta property=\"og:type\" content=\"article\" \/>\n<meta property=\"og:title\" content=\"Prevoz \u00e1ut\" \/>\n<meta property=\"og:description\" content=\"Zamkli ste si k\u013e\u00fa\u010de v aute? Fritz-Sped otvor\u00ed vozidlo r\u00fdchlo a bez po\u0161kodenia. Miskolc a okolie, nonstop slu\u017eba. Volajte: +36 70 614 8908.\" \/>\n<meta property=\"og:url\" content=\"https:\/\/fritz-sped.hu\/en\/otvorenie-auta-miskolc-bez-poskodenia-rychla-pomoc-0-24\/\" \/>\n<meta property=\"og:site_name\" content=\"Fritz-Sped Miskolc\" \/>\n<meta property=\"article:publisher\" content=\"https:\/\/www.facebook.com\/fritzautomentes\/\" \/>\n<meta property=\"article:modified_time\" content=\"2025-06-03T12:18:39+00:00\" \/>\n<meta property=\"og:image\" content=\"https:\/\/fritz-sped.hu\/wp-content\/uploads\/Autozar-nyitas-ara.jpg\" \/>\n\t<meta property=\"og:image:width\" content=\"1280\" \/>\n\t<meta property=\"og:image:height\" content=\"960\" \/>\n\t<meta property=\"og:image:type\" content=\"image\/jpeg\" \/>\n<meta name=\"twitter:card\" content=\"summary_large_image\" \/>\n<meta name=\"twitter:label1\" content=\"Est. reading time\" \/>\n\t<meta name=\"twitter:data1\" content=\"1 minute\" \/>\n<script type=\"application\/ld+json\" class=\"yoast-schema-graph\">{\"@context\":\"https:\\\/\\\/schema.org\",\"@graph\":[{\"@type\":\"WebPage\",\"@id\":\"https:\\\/\\\/fritz-sped.hu\\\/otvorenie-auta-miskolc-bez-poskodenia-rychla-pomoc-0-24\\\/\",\"url\":\"https:\\\/\\\/fritz-sped.hu\\\/otvorenie-auta-miskolc-bez-poskodenia-rychla-pomoc-0-24\\\/\",\"name\":\"Prevoz \u00e1ut\",\"isPartOf\":{\"@id\":\"https:\\\/\\\/fritz-sped.hu\\\/#website\"},\"primaryImageOfPage\":{\"@id\":\"https:\\\/\\\/fritz-sped.hu\\\/otvorenie-auta-miskolc-bez-poskodenia-rychla-pomoc-0-24\\\/#primaryimage\"},\"image\":{\"@id\":\"https:\\\/\\\/fritz-sped.hu\\\/otvorenie-auta-miskolc-bez-poskodenia-rychla-pomoc-0-24\\\/#primaryimage\"},\"thumbnailUrl\":\"https:\\\/\\\/fritz-sped.hu\\\/wp-content\\\/uploads\\\/Autozar-nyitas-ara-1024x768.jpg\",\"datePublished\":\"2020-07-10T07:23:14+00:00\",\"dateModified\":\"2025-06-03T12:18:39+00:00\",\"description\":\"Zamkli ste si k\u013e\u00fa\u010de v aute? Fritz-Sped otvor\u00ed vozidlo r\u00fdchlo a bez po\u0161kodenia. Miskolc a okolie, nonstop slu\u017eba. Volajte: +36 70 614 8908.\",\"breadcrumb\":{\"@id\":\"https:\\\/\\\/fritz-sped.hu\\\/otvorenie-auta-miskolc-bez-poskodenia-rychla-pomoc-0-24\\\/#breadcrumb\"},\"inLanguage\":\"en-US\",\"potentialAction\":[{\"@type\":\"ReadAction\",\"target\":[\"https:\\\/\\\/fritz-sped.hu\\\/otvorenie-auta-miskolc-bez-poskodenia-rychla-pomoc-0-24\\\/\"]}]},{\"@type\":\"ImageObject\",\"inLanguage\":\"en-US\",\"@id\":\"https:\\\/\\\/fritz-sped.hu\\\/otvorenie-auta-miskolc-bez-poskodenia-rychla-pomoc-0-24\\\/#primaryimage\",\"url\":\"https:\\\/\\\/fritz-sped.hu\\\/wp-content\\\/uploads\\\/Autozar-nyitas-ara-1024x768.jpg\",\"contentUrl\":\"https:\\\/\\\/fritz-sped.hu\\\/wp-content\\\/uploads\\\/Autozar-nyitas-ara-1024x768.jpg\"},{\"@type\":\"BreadcrumbList\",\"@id\":\"https:\\\/\\\/fritz-sped.hu\\\/otvorenie-auta-miskolc-bez-poskodenia-rychla-pomoc-0-24\\\/#breadcrumb\",\"itemListElement\":[{\"@type\":\"ListItem\",\"position\":1,\"name\":\"Kezd\u0151lap\",\"item\":\"https:\\\/\\\/fritz-sped.hu\\\/\"},{\"@type\":\"ListItem\",\"position\":2,\"name\":\"Prevoz \u00e1ut\"}]},{\"@type\":\"WebSite\",\"@id\":\"https:\\\/\\\/fritz-sped.hu\\\/#website\",\"url\":\"https:\\\/\\\/fritz-sped.hu\\\/\",\"name\":\"Aut\u00f3ment\u00e9s Miskolc \u2013 Fritz-Sped\",\"description\":\"Gyors \u00e9s megb\u00edzhat\u00f3 aut\u00f3ment\u0151 szolg\u00e1ltat\u00e1s 0-24 Borsod megy\u00e9ben\",\"publisher\":{\"@id\":\"https:\\\/\\\/fritz-sped.hu\\\/#organization\"},\"potentialAction\":[{\"@type\":\"SearchAction\",\"target\":{\"@type\":\"EntryPoint\",\"urlTemplate\":\"https:\\\/\\\/fritz-sped.hu\\\/?s={search_term_string}\"},\"query-input\":{\"@type\":\"PropertyValueSpecification\",\"valueRequired\":true,\"valueName\":\"search_term_string\"}}],\"inLanguage\":\"en-US\"},{\"@type\":\"Organization\",\"@id\":\"https:\\\/\\\/fritz-sped.hu\\\/#organization\",\"name\":\"Fritz-Sped Miskolc\",\"url\":\"https:\\\/\\\/fritz-sped.hu\\\/\",\"logo\":{\"@type\":\"ImageObject\",\"inLanguage\":\"en-US\",\"@id\":\"https:\\\/\\\/fritz-sped.hu\\\/#\\\/schema\\\/logo\\\/image\\\/\",\"url\":\"https:\\\/\\\/fritz-sped.hu\\\/wp-content\\\/uploads\\\/20250309_092835.jpg\",\"contentUrl\":\"https:\\\/\\\/fritz-sped.hu\\\/wp-content\\\/uploads\\\/20250309_092835.jpg\",\"width\":255,\"height\":191,\"caption\":\"Fritz-Sped Miskolc\"},\"image\":{\"@id\":\"https:\\\/\\\/fritz-sped.hu\\\/#\\\/schema\\\/logo\\\/image\\\/\"},\"sameAs\":[\"https:\\\/\\\/www.facebook.com\\\/fritzautomentes\\\/\"]}]}<\/script>\n<!-- \/ Yoast SEO plugin. -->","yoast_head_json":{"title":"Prevoz \u00e1ut","description":"Zamkli ste si k\u013e\u00fa\u010de v aute? Fritz-Sped otvor\u00ed vozidlo r\u00fdchlo a bez po\u0161kodenia. Miskolc a okolie, nonstop slu\u017eba. Volajte: +36 70 614 8908.","robots":{"index":"index","follow":"follow","max-snippet":"max-snippet:-1","max-image-preview":"max-image-preview:large","max-video-preview":"max-video-preview:-1"},"canonical":"https:\/\/fritz-sped.hu\/en\/otvorenie-auta-miskolc-bez-poskodenia-rychla-pomoc-0-24\/","og_locale":"en_US","og_type":"article","og_title":"[:hu]Prevoz \u00e1ut[:] - Fritz-Sped Miskolc","og_description":"[:hu]Zamkli ste si k\u013e\u00fa\u010de v aute? Fritz-Sped otvor\u00ed vozidlo r\u00fdchlo a bez po\u0161kodenia. Miskolc a okolie, nonstop slu\u017eba. Volajte: +36 70 614 8908.[:]","og_url":"https:\/\/fritz-sped.hu\/en\/otvorenie-auta-miskolc-bez-poskodenia-rychla-pomoc-0-24\/","og_site_name":"Fritz-Sped Miskolc","article_publisher":"https:\/\/www.facebook.com\/fritzautomentes\/","article_modified_time":"2025-06-03T12:18:39+00:00","og_image":[{"width":1280,"height":960,"url":"https:\/\/fritz-sped.hu\/wp-content\/uploads\/Autozar-nyitas-ara.jpg","type":"image\/jpeg"}],"twitter_card":"summary_large_image","twitter_misc":{"Est. reading time":"1 minute"},"schema":{"@context":"https:\/\/schema.org","@graph":[{"@type":"WebPage","@id":"https:\/\/fritz-sped.hu\/otvorenie-auta-miskolc-bez-poskodenia-rychla-pomoc-0-24\/","url":"https:\/\/fritz-sped.hu\/otvorenie-auta-miskolc-bez-poskodenia-rychla-pomoc-0-24\/","name":"Prevoz \u00e1ut","isPartOf":{"@id":"https:\/\/fritz-sped.hu\/#website"},"primaryImageOfPage":{"@id":"https:\/\/fritz-sped.hu\/otvorenie-auta-miskolc-bez-poskodenia-rychla-pomoc-0-24\/#primaryimage"},"image":{"@id":"https:\/\/fritz-sped.hu\/otvorenie-auta-miskolc-bez-poskodenia-rychla-pomoc-0-24\/#primaryimage"},"thumbnailUrl":"https:\/\/fritz-sped.hu\/wp-content\/uploads\/Autozar-nyitas-ara-1024x768.jpg","datePublished":"2020-07-10T07:23:14+00:00","dateModified":"2025-06-03T12:18:39+00:00","description":"Zamkli ste si k\u013e\u00fa\u010de v aute? Fritz-Sped otvor\u00ed vozidlo r\u00fdchlo a bez po\u0161kodenia. Miskolc a okolie, nonstop slu\u017eba. Volajte: +36 70 614 8908.","breadcrumb":{"@id":"https:\/\/fritz-sped.hu\/otvorenie-auta-miskolc-bez-poskodenia-rychla-pomoc-0-24\/#breadcrumb"},"inLanguage":"en-US","potentialAction":[{"@type":"ReadAction","target":["https:\/\/fritz-sped.hu\/otvorenie-auta-miskolc-bez-poskodenia-rychla-pomoc-0-24\/"]}]},{"@type":"ImageObject","inLanguage":"en-US","@id":"https:\/\/fritz-sped.hu\/otvorenie-auta-miskolc-bez-poskodenia-rychla-pomoc-0-24\/#primaryimage","url":"https:\/\/fritz-sped.hu\/wp-content\/uploads\/Autozar-nyitas-ara-1024x768.jpg","contentUrl":"https:\/\/fritz-sped.hu\/wp-content\/uploads\/Autozar-nyitas-ara-1024x768.jpg"},{"@type":"BreadcrumbList","@id":"https:\/\/fritz-sped.hu\/otvorenie-auta-miskolc-bez-poskodenia-rychla-pomoc-0-24\/#breadcrumb","itemListElement":[{"@type":"ListItem","position":1,"name":"Kezd\u0151lap","item":"https:\/\/fritz-sped.hu\/"},{"@type":"ListItem","position":2,"name":"Prevoz \u00e1ut"}]},{"@type":"WebSite","@id":"https:\/\/fritz-sped.hu\/#website","url":"https:\/\/fritz-sped.hu\/","name":"Aut\u00f3ment\u00e9s Miskolc \u2013 Fritz-Sped","description":"Gyors \u00e9s megb\u00edzhat\u00f3 aut\u00f3ment\u0151 szolg\u00e1ltat\u00e1s 0-24 Borsod megy\u00e9ben","publisher":{"@id":"https:\/\/fritz-sped.hu\/#organization"},"potentialAction":[{"@type":"SearchAction","target":{"@type":"EntryPoint","urlTemplate":"https:\/\/fritz-sped.hu\/?s={search_term_string}"},"query-input":{"@type":"PropertyValueSpecification","valueRequired":true,"valueName":"search_term_string"}}],"inLanguage":"en-US"},{"@type":"Organization","@id":"https:\/\/fritz-sped.hu\/#organization","name":"Fritz-Sped Miskolc","url":"https:\/\/fritz-sped.hu\/","logo":{"@type":"ImageObject","inLanguage":"en-US","@id":"https:\/\/fritz-sped.hu\/#\/schema\/logo\/image\/","url":"https:\/\/fritz-sped.hu\/wp-content\/uploads\/20250309_092835.jpg","contentUrl":"https:\/\/fritz-sped.hu\/wp-content\/uploads\/20250309_092835.jpg","width":255,"height":191,"caption":"Fritz-Sped Miskolc"},"image":{"@id":"https:\/\/fritz-sped.hu\/#\/schema\/logo\/image\/"},"sameAs":["https:\/\/www.facebook.com\/fritzautomentes\/"]}]}},"_links":{"self":[{"href":"https:\/\/fritz-sped.hu\/en\/wp-json\/wp\/v2\/pages\/189","targetHints":{"allow":["GET"]}}],"collection":[{"href":"https:\/\/fritz-sped.hu\/en\/wp-json\/wp\/v2\/pages"}],"about":[{"href":"https:\/\/fritz-sped.hu\/en\/wp-json\/wp\/v2\/types\/page"}],"author":[{"embeddable":true,"href":"https:\/\/fritz-sped.hu\/en\/wp-json\/wp\/v2\/users\/1"}],"replies":[{"embeddable":true,"href":"https:\/\/fritz-sped.hu\/en\/wp-json\/wp\/v2\/comments?post=189"}],"version-history":[{"count":3,"href":"https:\/\/fritz-sped.hu\/en\/wp-json\/wp\/v2\/pages\/189\/revisions"}],"predecessor-version":[{"id":537,"href":"https:\/\/fritz-sped.hu\/en\/wp-json\/wp\/v2\/pages\/189\/revisions\/537"}],"wp:attachment":[{"href":"https:\/\/fritz-sped.hu\/en\/wp-json\/wp\/v2\/media?parent=189"}],"curies":[{"name":"wp","href":"https:\/\/api.w.org\/{rel}","templated":true}]}}