{"id":191,"date":"2020-07-10T07:23:14","date_gmt":"2020-07-10T07:23:14","guid":{"rendered":"https:\/\/fritz-sped.hu\/?page_id=191"},"modified":"2020-07-10T07:48:14","modified_gmt":"2020-07-10T07:48:14","slug":"dobitie-motora-a-doplnenie-paliva","status":"publish","type":"page","link":"https:\/\/fritz-sped.hu\/en\/dobitie-motora-a-doplnenie-paliva\/","title":{"rendered":"Dobitie motora a doplnenie paliva"},"content":{"rendered":"\n<p><strong>Komuko\u013evek z\u00a0n\u00e1s sa m\u00f4\u017ee sta\u0165 situ\u00e1cia, kedy sa mu vybije baterka na aute, alebo mu d\u00f4jde palivo na mieste, kde nem\u00f4\u017ee o\u010dak\u00e1va\u0165 pomoc od nikoho. Napr\u00edklad jazda v\u00a0lese, alebo pobyt v\u00a0cudzom meste. AJ na tak\u00e9to situ\u00e1cie m\u00e1m rie\u0161enie, preto sa mi nev\u00e1hajte ozva\u0165. Pom\u00f4\u017eem V\u00e1m kvalifikovane na\u0161tartova\u0165 auto, alebo V\u00e1m priveziem vhodn\u00e9 palivo dosta\u010duj\u00facej kvality a kvantity kdeko\u013evek sa budete nach\u00e1dza\u0165.<\/strong><\/p>\n","protected":false},"excerpt":{"rendered":"<p>Komuko\u013evek z\u00a0n\u00e1s sa m\u00f4\u017ee sta\u0165 situ\u00e1cia, kedy sa mu vybije baterka na [&hellip;]<\/p>\n","protected":false},"author":1,"featured_media":0,"parent":0,"menu_order":0,"comment_status":"closed","ping_status":"closed","template":"","meta":{"footnotes":""},"class_list":["post-191","page","type-page","status-publish","hentry"],"yoast_head":"<!-- This site is optimized with the Yoast SEO plugin v27.5 - https:\/\/yoast.com\/product\/yoast-seo-wordpress\/ -->\n<title>Dobitie motora a doplnenie paliva - Fritz-Sped Miskolc<\/title>\n<meta name=\"robots\" content=\"index, follow, max-snippet:-1, max-image-preview:large, max-video-preview:-1\" \/>\n<link rel=\"canonical\" href=\"https:\/\/fritz-sped.hu\/en\/dobitie-motora-a-doplnenie-paliva\/\" \/>\n<meta property=\"og:locale\" content=\"en_US\" \/>\n<meta property=\"og:locale:alternate\" content=\"hu_HU\" \/>\n<meta property=\"og:type\" content=\"article\" \/>\n<meta property=\"og:title\" content=\"Dobitie motora a doplnenie paliva - Fritz-Sped Miskolc\" \/>\n<meta property=\"og:description\" content=\"Komuko\u013evek z\u00a0n\u00e1s sa m\u00f4\u017ee sta\u0165 situ\u00e1cia, kedy sa mu vybije baterka na [&hellip;]\" \/>\n<meta property=\"og:url\" content=\"https:\/\/fritz-sped.hu\/en\/dobitie-motora-a-doplnenie-paliva\/\" \/>\n<meta property=\"og:site_name\" content=\"Fritz-Sped Miskolc\" \/>\n<meta property=\"article:publisher\" content=\"https:\/\/www.facebook.com\/fritzautomentes\/\" \/>\n<meta property=\"article:modified_time\" content=\"2020-07-10T07:48:14+00:00\" \/>\n<meta name=\"twitter:card\" content=\"summary_large_image\" \/>\n<script type=\"application\/ld+json\" class=\"yoast-schema-graph\">{\"@context\":\"https:\\\/\\\/schema.org\",\"@graph\":[{\"@type\":\"WebPage\",\"@id\":\"https:\\\/\\\/fritz-sped.hu\\\/dobitie-motora-a-doplnenie-paliva\\\/\",\"url\":\"https:\\\/\\\/fritz-sped.hu\\\/dobitie-motora-a-doplnenie-paliva\\\/\",\"name\":\"Dobitie motora a doplnenie paliva - Fritz-Sped Miskolc\",\"isPartOf\":{\"@id\":\"https:\\\/\\\/fritz-sped.hu\\\/#website\"},\"datePublished\":\"2020-07-10T07:23:14+00:00\",\"dateModified\":\"2020-07-10T07:48:14+00:00\",\"breadcrumb\":{\"@id\":\"https:\\\/\\\/fritz-sped.hu\\\/dobitie-motora-a-doplnenie-paliva\\\/#breadcrumb\"},\"inLanguage\":\"en-US\",\"potentialAction\":[{\"@type\":\"ReadAction\",\"target\":[\"https:\\\/\\\/fritz-sped.hu\\\/dobitie-motora-a-doplnenie-paliva\\\/\"]}]},{\"@type\":\"BreadcrumbList\",\"@id\":\"https:\\\/\\\/fritz-sped.hu\\\/dobitie-motora-a-doplnenie-paliva\\\/#breadcrumb\",\"itemListElement\":[{\"@type\":\"ListItem\",\"position\":1,\"name\":\"Kezd\u0151lap\",\"item\":\"https:\\\/\\\/fritz-sped.hu\\\/\"},{\"@type\":\"ListItem\",\"position\":2,\"name\":\"Dobitie motora a doplnenie paliva\"}]},{\"@type\":\"WebSite\",\"@id\":\"https:\\\/\\\/fritz-sped.hu\\\/#website\",\"url\":\"https:\\\/\\\/fritz-sped.hu\\\/\",\"name\":\"Aut\u00f3ment\u00e9s Miskolc \u2013 Fritz-Sped\",\"description\":\"Gyors \u00e9s megb\u00edzhat\u00f3 aut\u00f3ment\u0151 szolg\u00e1ltat\u00e1s 0-24 Borsod megy\u00e9ben\",\"publisher\":{\"@id\":\"https:\\\/\\\/fritz-sped.hu\\\/#organization\"},\"potentialAction\":[{\"@type\":\"SearchAction\",\"target\":{\"@type\":\"EntryPoint\",\"urlTemplate\":\"https:\\\/\\\/fritz-sped.hu\\\/?s={search_term_string}\"},\"query-input\":{\"@type\":\"PropertyValueSpecification\",\"valueRequired\":true,\"valueName\":\"search_term_string\"}}],\"inLanguage\":\"en-US\"},{\"@type\":\"Organization\",\"@id\":\"https:\\\/\\\/fritz-sped.hu\\\/#organization\",\"name\":\"Fritz-Sped Miskolc\",\"url\":\"https:\\\/\\\/fritz-sped.hu\\\/\",\"logo\":{\"@type\":\"ImageObject\",\"inLanguage\":\"en-US\",\"@id\":\"https:\\\/\\\/fritz-sped.hu\\\/#\\\/schema\\\/logo\\\/image\\\/\",\"url\":\"https:\\\/\\\/fritz-sped.hu\\\/wp-content\\\/uploads\\\/20250309_092835.jpg\",\"contentUrl\":\"https:\\\/\\\/fritz-sped.hu\\\/wp-content\\\/uploads\\\/20250309_092835.jpg\",\"width\":255,\"height\":191,\"caption\":\"Fritz-Sped Miskolc\"},\"image\":{\"@id\":\"https:\\\/\\\/fritz-sped.hu\\\/#\\\/schema\\\/logo\\\/image\\\/\"},\"sameAs\":[\"https:\\\/\\\/www.facebook.com\\\/fritzautomentes\\\/\"]}]}<\/script>\n<!-- \/ Yoast SEO plugin. -->","yoast_head_json":{"title":"Dobitie motora a doplnenie paliva - Fritz-Sped Miskolc","robots":{"index":"index","follow":"follow","max-snippet":"max-snippet:-1","max-image-preview":"max-image-preview:large","max-video-preview":"max-video-preview:-1"},"canonical":"https:\/\/fritz-sped.hu\/en\/dobitie-motora-a-doplnenie-paliva\/","og_locale":"en_US","og_type":"article","og_title":"Dobitie motora a doplnenie paliva - Fritz-Sped Miskolc","og_description":"Komuko\u013evek z\u00a0n\u00e1s sa m\u00f4\u017ee sta\u0165 situ\u00e1cia, kedy sa mu vybije baterka na [&hellip;]","og_url":"https:\/\/fritz-sped.hu\/en\/dobitie-motora-a-doplnenie-paliva\/","og_site_name":"Fritz-Sped Miskolc","article_publisher":"https:\/\/www.facebook.com\/fritzautomentes\/","article_modified_time":"2020-07-10T07:48:14+00:00","twitter_card":"summary_large_image","schema":{"@context":"https:\/\/schema.org","@graph":[{"@type":"WebPage","@id":"https:\/\/fritz-sped.hu\/dobitie-motora-a-doplnenie-paliva\/","url":"https:\/\/fritz-sped.hu\/dobitie-motora-a-doplnenie-paliva\/","name":"Dobitie motora a doplnenie paliva - Fritz-Sped Miskolc","isPartOf":{"@id":"https:\/\/fritz-sped.hu\/#website"},"datePublished":"2020-07-10T07:23:14+00:00","dateModified":"2020-07-10T07:48:14+00:00","breadcrumb":{"@id":"https:\/\/fritz-sped.hu\/dobitie-motora-a-doplnenie-paliva\/#breadcrumb"},"inLanguage":"en-US","potentialAction":[{"@type":"ReadAction","target":["https:\/\/fritz-sped.hu\/dobitie-motora-a-doplnenie-paliva\/"]}]},{"@type":"BreadcrumbList","@id":"https:\/\/fritz-sped.hu\/dobitie-motora-a-doplnenie-paliva\/#breadcrumb","itemListElement":[{"@type":"ListItem","position":1,"name":"Kezd\u0151lap","item":"https:\/\/fritz-sped.hu\/"},{"@type":"ListItem","position":2,"name":"Dobitie motora a doplnenie paliva"}]},{"@type":"WebSite","@id":"https:\/\/fritz-sped.hu\/#website","url":"https:\/\/fritz-sped.hu\/","name":"Aut\u00f3ment\u00e9s Miskolc \u2013 Fritz-Sped","description":"Gyors \u00e9s megb\u00edzhat\u00f3 aut\u00f3ment\u0151 szolg\u00e1ltat\u00e1s 0-24 Borsod megy\u00e9ben","publisher":{"@id":"https:\/\/fritz-sped.hu\/#organization"},"potentialAction":[{"@type":"SearchAction","target":{"@type":"EntryPoint","urlTemplate":"https:\/\/fritz-sped.hu\/?s={search_term_string}"},"query-input":{"@type":"PropertyValueSpecification","valueRequired":true,"valueName":"search_term_string"}}],"inLanguage":"en-US"},{"@type":"Organization","@id":"https:\/\/fritz-sped.hu\/#organization","name":"Fritz-Sped Miskolc","url":"https:\/\/fritz-sped.hu\/","logo":{"@type":"ImageObject","inLanguage":"en-US","@id":"https:\/\/fritz-sped.hu\/#\/schema\/logo\/image\/","url":"https:\/\/fritz-sped.hu\/wp-content\/uploads\/20250309_092835.jpg","contentUrl":"https:\/\/fritz-sped.hu\/wp-content\/uploads\/20250309_092835.jpg","width":255,"height":191,"caption":"Fritz-Sped Miskolc"},"image":{"@id":"https:\/\/fritz-sped.hu\/#\/schema\/logo\/image\/"},"sameAs":["https:\/\/www.facebook.com\/fritzautomentes\/"]}]}},"_links":{"self":[{"href":"https:\/\/fritz-sped.hu\/en\/wp-json\/wp\/v2\/pages\/191","targetHints":{"allow":["GET"]}}],"collection":[{"href":"https:\/\/fritz-sped.hu\/en\/wp-json\/wp\/v2\/pages"}],"about":[{"href":"https:\/\/fritz-sped.hu\/en\/wp-json\/wp\/v2\/types\/page"}],"author":[{"embeddable":true,"href":"https:\/\/fritz-sped.hu\/en\/wp-json\/wp\/v2\/users\/1"}],"replies":[{"embeddable":true,"href":"https:\/\/fritz-sped.hu\/en\/wp-json\/wp\/v2\/comments?post=191"}],"version-history":[{"count":2,"href":"https:\/\/fritz-sped.hu\/en\/wp-json\/wp\/v2\/pages\/191\/revisions"}],"predecessor-version":[{"id":212,"href":"https:\/\/fritz-sped.hu\/en\/wp-json\/wp\/v2\/pages\/191\/revisions\/212"}],"wp:attachment":[{"href":"https:\/\/fritz-sped.hu\/en\/wp-json\/wp\/v2\/media?parent=191"}],"curies":[{"name":"wp","href":"https:\/\/api.w.org\/{rel}","templated":true}]}}