{"id":193,"date":"2020-07-10T07:23:14","date_gmt":"2020-07-10T07:23:14","guid":{"rendered":"https:\/\/fritz-sped.hu\/?page_id=193"},"modified":"2025-06-03T12:12:09","modified_gmt":"2025-06-03T12:12:09","slug":"kontakt-fritz-sped-odtahova-sluzba-miskolc","status":"publish","type":"page","link":"https:\/\/fritz-sped.hu\/en\/kontakt-fritz-sped-odtahova-sluzba-miskolc\/","title":{"rendered":"Kontakty"},"content":{"rendered":"\n<h1 class=\"wp-block-heading\">Kontakt \u2013 Fritz-Sped od\u0165ahov\u00e1 slu\u017eba<\/h1>\n\n\n\n<p>Potrebujete pomoc na ceste? Kontaktujte n\u00e1s kedyko\u013evek, <strong>sme k dispoz\u00edcii 24\/7<\/strong>.<\/p>\n\n\n\n<ul class=\"wp-block-list\">\n<li><strong>Telef\u00f3n:<\/strong> <a href=\"tel:+36706148908\">+36 70 614 8908<\/a><\/li>\n\n\n\n<li><strong>Email:<\/strong> info@fritz-sped.hu<\/li>\n\n\n\n<li><strong>Adresa:<\/strong> Miskolc, Ma Magyarorsz\u00e1g<\/li>\n<\/ul>\n\n\n\n<p>Na\u0161a <strong>od\u0165ahov\u00e1 a prepravn\u00e1 slu\u017eba<\/strong> je v\u00e1m k dispoz\u00edcii nonstop v Miskolci a okol\u00ed.<\/p>\n\n\n\n<iframe src=\"https:\/\/www.google.com\/maps\/embed?pb=!1m18!1m12!1m3!1d2655.3127058251994!2d20.775903776228155!3d48.076937355381084!2m3!1f0!2f0!3f0!3m2!1i1024!2i768!4f13.1!3m3!1m2!1s0x4740a029c212d435%3A0xfa58c92ca139b9da!2sMiskolc%2C%20Szentgy%C3%B6rgy%20%C3%BAt%2066%2C%203529!5e1!3m2!1shu!2shu!4v1748898657929!5m2!1shu!2shu\" width=\"600\" height=\"450\" style=\"border:0;\" allowfullscreen=\"\" loading=\"lazy\" referrerpolicy=\"no-referrer-when-downgrade\"><\/iframe>\n\n\n\n<figure class=\"wp-block-image size-large\"><img loading=\"lazy\" decoding=\"async\" width=\"1024\" height=\"768\" src=\"https:\/\/fritz-sped.hu\/wp-content\/uploads\/391667595_833166352151550_7246130429839282983_n-1-1024x768.jpg\" alt=\"\" class=\"wp-image-533\" srcset=\"https:\/\/fritz-sped.hu\/wp-content\/uploads\/391667595_833166352151550_7246130429839282983_n-1-1024x768.jpg 1024w, https:\/\/fritz-sped.hu\/wp-content\/uploads\/391667595_833166352151550_7246130429839282983_n-1-300x225.jpg 300w, https:\/\/fritz-sped.hu\/wp-content\/uploads\/391667595_833166352151550_7246130429839282983_n-1-768x576.jpg 768w, https:\/\/fritz-sped.hu\/wp-content\/uploads\/391667595_833166352151550_7246130429839282983_n-1-1536x1152.jpg 1536w, https:\/\/fritz-sped.hu\/wp-content\/uploads\/391667595_833166352151550_7246130429839282983_n-1.jpg 2048w\" sizes=\"auto, (max-width: 1024px) 100vw, 1024px\" \/><\/figure>\n","protected":false},"excerpt":{"rendered":"<p>Kontakt \u2013 Fritz-Sped od\u0165ahov\u00e1 slu\u017eba Potrebujete pomoc na ceste? Kontaktujte n\u00e1s kedyko\u013evek, [&hellip;]<\/p>\n","protected":false},"author":1,"featured_media":0,"parent":0,"menu_order":0,"comment_status":"closed","ping_status":"closed","template":"","meta":{"footnotes":""},"class_list":["post-193","page","type-page","status-publish","hentry"],"yoast_head":"<!-- This site is optimized with the Yoast SEO plugin v27.3 - https:\/\/yoast.com\/product\/yoast-seo-wordpress\/ -->\n<title>Kontakty<\/title>\n<meta name=\"description\" content=\"Kontaktujte Fritz-Sped: nonstop od\u0165ahov\u00e1 slu\u017eba v Miskolci a okol\u00ed. Telef\u00f3n: +36 70 614 8908. R\u00fdchla pomoc pri poruche a nehode.\" \/>\n<meta name=\"robots\" content=\"index, follow, max-snippet:-1, max-image-preview:large, max-video-preview:-1\" \/>\n<link rel=\"canonical\" href=\"https:\/\/fritz-sped.hu\/en\/kontakt-fritz-sped-odtahova-sluzba-miskolc\/\" \/>\n<meta property=\"og:locale\" content=\"en_US\" \/>\n<meta property=\"og:locale:alternate\" content=\"hu_HU\" \/>\n<meta property=\"og:type\" content=\"article\" \/>\n<meta property=\"og:title\" content=\"Kontakty\" \/>\n<meta property=\"og:description\" content=\"Kontaktujte Fritz-Sped: nonstop od\u0165ahov\u00e1 slu\u017eba v Miskolci a okol\u00ed. Telef\u00f3n: +36 70 614 8908. R\u00fdchla pomoc pri poruche a nehode.\" \/>\n<meta property=\"og:url\" content=\"https:\/\/fritz-sped.hu\/en\/kontakt-fritz-sped-odtahova-sluzba-miskolc\/\" \/>\n<meta property=\"og:site_name\" content=\"Fritz-Sped Miskolc\" \/>\n<meta property=\"article:publisher\" content=\"https:\/\/www.facebook.com\/fritzautomentes\/\" \/>\n<meta property=\"article:modified_time\" content=\"2025-06-03T12:12:09+00:00\" \/>\n<meta property=\"og:image\" content=\"https:\/\/fritz-sped.hu\/wp-content\/uploads\/391667595_833166352151550_7246130429839282983_n-1.jpg\" \/>\n\t<meta property=\"og:image:width\" content=\"2048\" \/>\n\t<meta property=\"og:image:height\" content=\"1536\" \/>\n\t<meta property=\"og:image:type\" content=\"image\/jpeg\" \/>\n<meta name=\"twitter:card\" content=\"summary_large_image\" \/>\n<meta name=\"twitter:label1\" content=\"Est. reading time\" \/>\n\t<meta name=\"twitter:data1\" content=\"1 minute\" \/>\n<script type=\"application\/ld+json\" class=\"yoast-schema-graph\">{\"@context\":\"https:\\\/\\\/schema.org\",\"@graph\":[{\"@type\":\"WebPage\",\"@id\":\"https:\\\/\\\/fritz-sped.hu\\\/kontakt-fritz-sped-odtahova-sluzba-miskolc\\\/\",\"url\":\"https:\\\/\\\/fritz-sped.hu\\\/kontakt-fritz-sped-odtahova-sluzba-miskolc\\\/\",\"name\":\"Kontakty\",\"isPartOf\":{\"@id\":\"https:\\\/\\\/fritz-sped.hu\\\/#website\"},\"primaryImageOfPage\":{\"@id\":\"https:\\\/\\\/fritz-sped.hu\\\/kontakt-fritz-sped-odtahova-sluzba-miskolc\\\/#primaryimage\"},\"image\":{\"@id\":\"https:\\\/\\\/fritz-sped.hu\\\/kontakt-fritz-sped-odtahova-sluzba-miskolc\\\/#primaryimage\"},\"thumbnailUrl\":\"https:\\\/\\\/fritz-sped.hu\\\/wp-content\\\/uploads\\\/391667595_833166352151550_7246130429839282983_n-1-1024x768.jpg\",\"datePublished\":\"2020-07-10T07:23:14+00:00\",\"dateModified\":\"2025-06-03T12:12:09+00:00\",\"description\":\"Kontaktujte Fritz-Sped: nonstop od\u0165ahov\u00e1 slu\u017eba v Miskolci a okol\u00ed. Telef\u00f3n: +36 70 614 8908. R\u00fdchla pomoc pri poruche a nehode.\",\"breadcrumb\":{\"@id\":\"https:\\\/\\\/fritz-sped.hu\\\/kontakt-fritz-sped-odtahova-sluzba-miskolc\\\/#breadcrumb\"},\"inLanguage\":\"en-US\",\"potentialAction\":[{\"@type\":\"ReadAction\",\"target\":[\"https:\\\/\\\/fritz-sped.hu\\\/kontakt-fritz-sped-odtahova-sluzba-miskolc\\\/\"]}]},{\"@type\":\"ImageObject\",\"inLanguage\":\"en-US\",\"@id\":\"https:\\\/\\\/fritz-sped.hu\\\/kontakt-fritz-sped-odtahova-sluzba-miskolc\\\/#primaryimage\",\"url\":\"https:\\\/\\\/fritz-sped.hu\\\/wp-content\\\/uploads\\\/391667595_833166352151550_7246130429839282983_n-1-1024x768.jpg\",\"contentUrl\":\"https:\\\/\\\/fritz-sped.hu\\\/wp-content\\\/uploads\\\/391667595_833166352151550_7246130429839282983_n-1-1024x768.jpg\"},{\"@type\":\"BreadcrumbList\",\"@id\":\"https:\\\/\\\/fritz-sped.hu\\\/kontakt-fritz-sped-odtahova-sluzba-miskolc\\\/#breadcrumb\",\"itemListElement\":[{\"@type\":\"ListItem\",\"position\":1,\"name\":\"Kezd\u0151lap\",\"item\":\"https:\\\/\\\/fritz-sped.hu\\\/\"},{\"@type\":\"ListItem\",\"position\":2,\"name\":\"Kontakty\"}]},{\"@type\":\"WebSite\",\"@id\":\"https:\\\/\\\/fritz-sped.hu\\\/#website\",\"url\":\"https:\\\/\\\/fritz-sped.hu\\\/\",\"name\":\"Aut\u00f3ment\u00e9s Miskolc \u2013 Fritz-Sped\",\"description\":\"Gyors \u00e9s megb\u00edzhat\u00f3 aut\u00f3ment\u0151 szolg\u00e1ltat\u00e1s 0-24 Borsod megy\u00e9ben\",\"publisher\":{\"@id\":\"https:\\\/\\\/fritz-sped.hu\\\/#organization\"},\"potentialAction\":[{\"@type\":\"SearchAction\",\"target\":{\"@type\":\"EntryPoint\",\"urlTemplate\":\"https:\\\/\\\/fritz-sped.hu\\\/?s={search_term_string}\"},\"query-input\":{\"@type\":\"PropertyValueSpecification\",\"valueRequired\":true,\"valueName\":\"search_term_string\"}}],\"inLanguage\":\"en-US\"},{\"@type\":\"Organization\",\"@id\":\"https:\\\/\\\/fritz-sped.hu\\\/#organization\",\"name\":\"Fritz-Sped Miskolc\",\"url\":\"https:\\\/\\\/fritz-sped.hu\\\/\",\"logo\":{\"@type\":\"ImageObject\",\"inLanguage\":\"en-US\",\"@id\":\"https:\\\/\\\/fritz-sped.hu\\\/#\\\/schema\\\/logo\\\/image\\\/\",\"url\":\"https:\\\/\\\/fritz-sped.hu\\\/wp-content\\\/uploads\\\/20250309_092835.jpg\",\"contentUrl\":\"https:\\\/\\\/fritz-sped.hu\\\/wp-content\\\/uploads\\\/20250309_092835.jpg\",\"width\":255,\"height\":191,\"caption\":\"Fritz-Sped Miskolc\"},\"image\":{\"@id\":\"https:\\\/\\\/fritz-sped.hu\\\/#\\\/schema\\\/logo\\\/image\\\/\"},\"sameAs\":[\"https:\\\/\\\/www.facebook.com\\\/fritzautomentes\\\/\"]}]}<\/script>\n<!-- \/ Yoast SEO plugin. -->","yoast_head_json":{"title":"Kontakty","description":"Kontaktujte Fritz-Sped: nonstop od\u0165ahov\u00e1 slu\u017eba v Miskolci a okol\u00ed. Telef\u00f3n: +36 70 614 8908. R\u00fdchla pomoc pri poruche a nehode.","robots":{"index":"index","follow":"follow","max-snippet":"max-snippet:-1","max-image-preview":"max-image-preview:large","max-video-preview":"max-video-preview:-1"},"canonical":"https:\/\/fritz-sped.hu\/en\/kontakt-fritz-sped-odtahova-sluzba-miskolc\/","og_locale":"en_US","og_type":"article","og_title":"[:hu]Kontakty[:] - Fritz-Sped Miskolc","og_description":"[:hu]Kontaktujte Fritz-Sped: nonstop od\u0165ahov\u00e1 slu\u017eba v Miskolci a okol\u00ed. Telef\u00f3n: +36 70 614 8908. R\u00fdchla pomoc pri poruche a nehode.[:]","og_url":"https:\/\/fritz-sped.hu\/en\/kontakt-fritz-sped-odtahova-sluzba-miskolc\/","og_site_name":"Fritz-Sped Miskolc","article_publisher":"https:\/\/www.facebook.com\/fritzautomentes\/","article_modified_time":"2025-06-03T12:12:09+00:00","og_image":[{"width":2048,"height":1536,"url":"https:\/\/fritz-sped.hu\/wp-content\/uploads\/391667595_833166352151550_7246130429839282983_n-1.jpg","type":"image\/jpeg"}],"twitter_card":"summary_large_image","twitter_misc":{"Est. reading time":"1 minute"},"schema":{"@context":"https:\/\/schema.org","@graph":[{"@type":"WebPage","@id":"https:\/\/fritz-sped.hu\/kontakt-fritz-sped-odtahova-sluzba-miskolc\/","url":"https:\/\/fritz-sped.hu\/kontakt-fritz-sped-odtahova-sluzba-miskolc\/","name":"Kontakty","isPartOf":{"@id":"https:\/\/fritz-sped.hu\/#website"},"primaryImageOfPage":{"@id":"https:\/\/fritz-sped.hu\/kontakt-fritz-sped-odtahova-sluzba-miskolc\/#primaryimage"},"image":{"@id":"https:\/\/fritz-sped.hu\/kontakt-fritz-sped-odtahova-sluzba-miskolc\/#primaryimage"},"thumbnailUrl":"https:\/\/fritz-sped.hu\/wp-content\/uploads\/391667595_833166352151550_7246130429839282983_n-1-1024x768.jpg","datePublished":"2020-07-10T07:23:14+00:00","dateModified":"2025-06-03T12:12:09+00:00","description":"Kontaktujte Fritz-Sped: nonstop od\u0165ahov\u00e1 slu\u017eba v Miskolci a okol\u00ed. Telef\u00f3n: +36 70 614 8908. R\u00fdchla pomoc pri poruche a nehode.","breadcrumb":{"@id":"https:\/\/fritz-sped.hu\/kontakt-fritz-sped-odtahova-sluzba-miskolc\/#breadcrumb"},"inLanguage":"en-US","potentialAction":[{"@type":"ReadAction","target":["https:\/\/fritz-sped.hu\/kontakt-fritz-sped-odtahova-sluzba-miskolc\/"]}]},{"@type":"ImageObject","inLanguage":"en-US","@id":"https:\/\/fritz-sped.hu\/kontakt-fritz-sped-odtahova-sluzba-miskolc\/#primaryimage","url":"https:\/\/fritz-sped.hu\/wp-content\/uploads\/391667595_833166352151550_7246130429839282983_n-1-1024x768.jpg","contentUrl":"https:\/\/fritz-sped.hu\/wp-content\/uploads\/391667595_833166352151550_7246130429839282983_n-1-1024x768.jpg"},{"@type":"BreadcrumbList","@id":"https:\/\/fritz-sped.hu\/kontakt-fritz-sped-odtahova-sluzba-miskolc\/#breadcrumb","itemListElement":[{"@type":"ListItem","position":1,"name":"Kezd\u0151lap","item":"https:\/\/fritz-sped.hu\/"},{"@type":"ListItem","position":2,"name":"Kontakty"}]},{"@type":"WebSite","@id":"https:\/\/fritz-sped.hu\/#website","url":"https:\/\/fritz-sped.hu\/","name":"Aut\u00f3ment\u00e9s Miskolc \u2013 Fritz-Sped","description":"Gyors \u00e9s megb\u00edzhat\u00f3 aut\u00f3ment\u0151 szolg\u00e1ltat\u00e1s 0-24 Borsod megy\u00e9ben","publisher":{"@id":"https:\/\/fritz-sped.hu\/#organization"},"potentialAction":[{"@type":"SearchAction","target":{"@type":"EntryPoint","urlTemplate":"https:\/\/fritz-sped.hu\/?s={search_term_string}"},"query-input":{"@type":"PropertyValueSpecification","valueRequired":true,"valueName":"search_term_string"}}],"inLanguage":"en-US"},{"@type":"Organization","@id":"https:\/\/fritz-sped.hu\/#organization","name":"Fritz-Sped Miskolc","url":"https:\/\/fritz-sped.hu\/","logo":{"@type":"ImageObject","inLanguage":"en-US","@id":"https:\/\/fritz-sped.hu\/#\/schema\/logo\/image\/","url":"https:\/\/fritz-sped.hu\/wp-content\/uploads\/20250309_092835.jpg","contentUrl":"https:\/\/fritz-sped.hu\/wp-content\/uploads\/20250309_092835.jpg","width":255,"height":191,"caption":"Fritz-Sped Miskolc"},"image":{"@id":"https:\/\/fritz-sped.hu\/#\/schema\/logo\/image\/"},"sameAs":["https:\/\/www.facebook.com\/fritzautomentes\/"]}]}},"_links":{"self":[{"href":"https:\/\/fritz-sped.hu\/en\/wp-json\/wp\/v2\/pages\/193","targetHints":{"allow":["GET"]}}],"collection":[{"href":"https:\/\/fritz-sped.hu\/en\/wp-json\/wp\/v2\/pages"}],"about":[{"href":"https:\/\/fritz-sped.hu\/en\/wp-json\/wp\/v2\/types\/page"}],"author":[{"embeddable":true,"href":"https:\/\/fritz-sped.hu\/en\/wp-json\/wp\/v2\/users\/1"}],"replies":[{"embeddable":true,"href":"https:\/\/fritz-sped.hu\/en\/wp-json\/wp\/v2\/comments?post=193"}],"version-history":[{"count":4,"href":"https:\/\/fritz-sped.hu\/en\/wp-json\/wp\/v2\/pages\/193\/revisions"}],"predecessor-version":[{"id":535,"href":"https:\/\/fritz-sped.hu\/en\/wp-json\/wp\/v2\/pages\/193\/revisions\/535"}],"wp:attachment":[{"href":"https:\/\/fritz-sped.hu\/en\/wp-json\/wp\/v2\/media?parent=193"}],"curies":[{"name":"wp","href":"https:\/\/api.w.org\/{rel}","templated":true}]}}