{"id":54,"date":"2020-05-10T18:08:03","date_gmt":"2020-05-10T18:08:03","guid":{"rendered":"https:\/\/fritz-sped.hu\/?page_id=54"},"modified":"2025-12-26T09:41:28","modified_gmt":"2025-12-26T09:41:28","slug":"automentes-miskolc-0-24-gyors-segitseg-fritz-sped","status":"publish","type":"page","link":"https:\/\/fritz-sped.hu\/en\/automentes-miskolc-0-24-gyors-segitseg-fritz-sped\/","title":{"rendered":"Aut\u00f3ment\u00e9s"},"content":{"rendered":"\n<figure class=\"wp-block-pullquote\"><blockquote><p>\ud83d\ude97 <strong>Aut\u00f3ment\u00e9s Miskolcon gyorsan, megb\u00edzhat\u00f3an \u2013 Fritz-Sped<\/strong><br>Lerobbant j\u00e1rm\u0171, baleset, vagy nem indul az aut\u00f3? Fritz-Sped 0-24 \u00f3r\u00e1s <strong>aut\u00f3ment\u00e9st Miskolcon \u00e9s k\u00f6rny\u00e9k\u00e9n<\/strong> gyors kisz\u00e1ll\u00e1ssal, korrekt \u00e1ron. T\u00f6bb \u00e9ves tapasztalattal, helyismerettel dolgozom, hogy \u00d6n mihamarabb \u00fajra \u00faton lehessen.<br>Ig\u00e9ny eset\u00e9n szerv\u00edzh\u00e1tt\u00e9rrel is rendelkezem, hogy minn\u00e9l hamarabb szakember vizsg\u00e1lhassa meg aut\u00f3j\u00e1t!<br>\ud83d\udcde H\u00edvjon most, ha azonnali seg\u00edts\u00e9gre van sz\u00fcks\u00e9ge!<\/p><\/blockquote><\/figure>\n\n\n\n<figure class=\"wp-block-gallery has-nested-images columns-default is-cropped wp-block-gallery-1 is-layout-flex wp-block-gallery-is-layout-flex\">\n<figure class=\"wp-block-image size-large\"><img loading=\"lazy\" decoding=\"async\" width=\"1024\" height=\"472\" data-id=\"256\" src=\"https:\/\/fritz-sped.hu\/wp-content\/uploads\/123238565_186003093019459_6385684920706982139_o-1024x472.jpg\" alt=\"\" class=\"wp-image-256\" srcset=\"https:\/\/fritz-sped.hu\/wp-content\/uploads\/123238565_186003093019459_6385684920706982139_o-1024x472.jpg 1024w, https:\/\/fritz-sped.hu\/wp-content\/uploads\/123238565_186003093019459_6385684920706982139_o-300x138.jpg 300w, https:\/\/fritz-sped.hu\/wp-content\/uploads\/123238565_186003093019459_6385684920706982139_o-768x354.jpg 768w, https:\/\/fritz-sped.hu\/wp-content\/uploads\/123238565_186003093019459_6385684920706982139_o.jpg 1389w\" sizes=\"auto, (max-width: 1024px) 100vw, 1024px\" \/><\/figure>\n\n\n\n<figure class=\"wp-block-image size-large\"><img loading=\"lazy\" decoding=\"async\" width=\"1024\" height=\"481\" data-id=\"255\" src=\"https:\/\/fritz-sped.hu\/wp-content\/uploads\/121994335_183550253264743_4828586086107261616_o-1024x481.jpg\" alt=\"\" class=\"wp-image-255\" srcset=\"https:\/\/fritz-sped.hu\/wp-content\/uploads\/121994335_183550253264743_4828586086107261616_o-1024x481.jpg 1024w, https:\/\/fritz-sped.hu\/wp-content\/uploads\/121994335_183550253264743_4828586086107261616_o-300x141.jpg 300w, https:\/\/fritz-sped.hu\/wp-content\/uploads\/121994335_183550253264743_4828586086107261616_o-768x361.jpg 768w, https:\/\/fritz-sped.hu\/wp-content\/uploads\/121994335_183550253264743_4828586086107261616_o.jpg 1362w\" sizes=\"auto, (max-width: 1024px) 100vw, 1024px\" \/><\/figure>\n\n\n\n<figure class=\"wp-block-image size-large\"><img loading=\"lazy\" decoding=\"async\" width=\"1024\" height=\"473\" data-id=\"257\" src=\"https:\/\/fritz-sped.hu\/wp-content\/uploads\/123809549_188030032816765_6142174551032091805_o-1024x473.jpg\" alt=\"\" class=\"wp-image-257\" srcset=\"https:\/\/fritz-sped.hu\/wp-content\/uploads\/123809549_188030032816765_6142174551032091805_o-1024x473.jpg 1024w, https:\/\/fritz-sped.hu\/wp-content\/uploads\/123809549_188030032816765_6142174551032091805_o-300x139.jpg 300w, https:\/\/fritz-sped.hu\/wp-content\/uploads\/123809549_188030032816765_6142174551032091805_o-768x355.jpg 768w, https:\/\/fritz-sped.hu\/wp-content\/uploads\/123809549_188030032816765_6142174551032091805_o.jpg 1385w\" sizes=\"auto, (max-width: 1024px) 100vw, 1024px\" \/><\/figure>\n\n\n\n<figure class=\"wp-block-image size-large\"><img loading=\"lazy\" decoding=\"async\" width=\"1024\" height=\"768\" data-id=\"480\" src=\"https:\/\/fritz-sped.hu\/wp-content\/uploads\/pizza-1024x768.jpg\" alt=\"\" class=\"wp-image-480\" srcset=\"https:\/\/fritz-sped.hu\/wp-content\/uploads\/pizza-1024x768.jpg 1024w, https:\/\/fritz-sped.hu\/wp-content\/uploads\/pizza-300x225.jpg 300w, https:\/\/fritz-sped.hu\/wp-content\/uploads\/pizza-768x576.jpg 768w, https:\/\/fritz-sped.hu\/wp-content\/uploads\/pizza-1536x1152.jpg 1536w, https:\/\/fritz-sped.hu\/wp-content\/uploads\/pizza.jpg 2048w\" sizes=\"auto, (max-width: 1024px) 100vw, 1024px\" \/><\/figure>\n\n\n\n<figure class=\"wp-block-image size-large\"><img loading=\"lazy\" decoding=\"async\" width=\"1024\" height=\"768\" data-id=\"482\" src=\"https:\/\/fritz-sped.hu\/wp-content\/uploads\/ford-1024x768.jpg\" alt=\"\" class=\"wp-image-482\" srcset=\"https:\/\/fritz-sped.hu\/wp-content\/uploads\/ford-1024x768.jpg 1024w, https:\/\/fritz-sped.hu\/wp-content\/uploads\/ford-300x225.jpg 300w, https:\/\/fritz-sped.hu\/wp-content\/uploads\/ford-768x576.jpg 768w, https:\/\/fritz-sped.hu\/wp-content\/uploads\/ford-1536x1152.jpg 1536w, https:\/\/fritz-sped.hu\/wp-content\/uploads\/ford.jpg 2048w\" sizes=\"auto, (max-width: 1024px) 100vw, 1024px\" \/><\/figure>\n<\/figure>\n\n\n\n<p><strong>Aut\u00f3ment\u00e9s Miskolc<\/strong><\/p>\n","protected":false},"excerpt":{"rendered":"<p>\ud83d\ude97 Aut\u00f3ment\u00e9s Miskolcon gyorsan, megb\u00edzhat\u00f3an \u2013 Fritz-SpedLerobbant j\u00e1rm\u0171, baleset, vagy nem indul [&hellip;]<\/p>\n","protected":false},"author":1,"featured_media":0,"parent":0,"menu_order":0,"comment_status":"closed","ping_status":"closed","template":"","meta":{"footnotes":""},"class_list":["post-54","page","type-page","status-publish","hentry"],"yoast_head":"<!-- This site is optimized with the Yoast SEO plugin v27.5 - https:\/\/yoast.com\/product\/yoast-seo-wordpress\/ -->\n<title>Aut\u00f3ment\u00e9s Miskolc \u2013 Nonstop gyors seg\u00edts\u00e9g | Fritz-Sped<\/title>\n<meta name=\"description\" content=\"Meghib\u00e1sodott vagy balesetes aut\u00f3? Aut\u00f3ment\u00e9s Miskolcon 0\u201324 \u00f3r\u00e1ban, gyors ki\u00e9rkez\u00e9ssel. H\u00edvjon bizalommal!\" \/>\n<meta name=\"robots\" content=\"index, follow, max-snippet:-1, max-image-preview:large, max-video-preview:-1\" \/>\n<link rel=\"canonical\" href=\"https:\/\/fritz-sped.hu\/en\/automentes-miskolc-0-24-gyors-segitseg-fritz-sped\/\" \/>\n<meta property=\"og:locale\" content=\"en_US\" \/>\n<meta property=\"og:locale:alternate\" content=\"hu_HU\" \/>\n<meta property=\"og:type\" content=\"article\" \/>\n<meta property=\"og:title\" content=\"Aut\u00f3ment\u00e9s Miskolc \u2013 Nonstop gyors seg\u00edts\u00e9g | Fritz-Sped\" \/>\n<meta property=\"og:description\" content=\"Meghib\u00e1sodott vagy balesetes aut\u00f3? Aut\u00f3ment\u00e9s Miskolcon 0\u201324 \u00f3r\u00e1ban, gyors ki\u00e9rkez\u00e9ssel. H\u00edvjon bizalommal!\" \/>\n<meta property=\"og:url\" content=\"https:\/\/fritz-sped.hu\/en\/automentes-miskolc-0-24-gyors-segitseg-fritz-sped\/\" \/>\n<meta property=\"og:site_name\" content=\"Fritz-Sped Miskolc\" \/>\n<meta property=\"article:publisher\" content=\"https:\/\/www.facebook.com\/fritzautomentes\/\" \/>\n<meta property=\"article:modified_time\" content=\"2025-12-26T09:41:28+00:00\" \/>\n<meta property=\"og:image\" content=\"https:\/\/fritz-sped.hu\/wp-content\/uploads\/123238565_186003093019459_6385684920706982139_o.jpg\" \/>\n\t<meta property=\"og:image:width\" content=\"1389\" \/>\n\t<meta property=\"og:image:height\" content=\"640\" \/>\n\t<meta property=\"og:image:type\" content=\"image\/jpeg\" \/>\n<meta name=\"twitter:card\" content=\"summary_large_image\" \/>\n<meta name=\"twitter:label1\" content=\"Est. reading time\" \/>\n\t<meta name=\"twitter:data1\" content=\"2 minutes\" \/>\n<script type=\"application\/ld+json\" class=\"yoast-schema-graph\">{\"@context\":\"https:\\\/\\\/schema.org\",\"@graph\":[{\"@type\":\"WebPage\",\"@id\":\"https:\\\/\\\/fritz-sped.hu\\\/automentes-miskolc-0-24-gyors-segitseg-fritz-sped\\\/\",\"url\":\"https:\\\/\\\/fritz-sped.hu\\\/automentes-miskolc-0-24-gyors-segitseg-fritz-sped\\\/\",\"name\":\"Aut\u00f3ment\u00e9s Miskolc \u2013 Nonstop gyors seg\u00edts\u00e9g | Fritz-Sped\",\"isPartOf\":{\"@id\":\"https:\\\/\\\/fritz-sped.hu\\\/#website\"},\"primaryImageOfPage\":{\"@id\":\"https:\\\/\\\/fritz-sped.hu\\\/automentes-miskolc-0-24-gyors-segitseg-fritz-sped\\\/#primaryimage\"},\"image\":{\"@id\":\"https:\\\/\\\/fritz-sped.hu\\\/automentes-miskolc-0-24-gyors-segitseg-fritz-sped\\\/#primaryimage\"},\"thumbnailUrl\":\"https:\\\/\\\/fritz-sped.hu\\\/wp-content\\\/uploads\\\/123238565_186003093019459_6385684920706982139_o-1024x472.jpg\",\"datePublished\":\"2020-05-10T18:08:03+00:00\",\"dateModified\":\"2025-12-26T09:41:28+00:00\",\"description\":\"Meghib\u00e1sodott vagy balesetes aut\u00f3? Aut\u00f3ment\u00e9s Miskolcon 0\u201324 \u00f3r\u00e1ban, gyors ki\u00e9rkez\u00e9ssel. H\u00edvjon bizalommal!\",\"breadcrumb\":{\"@id\":\"https:\\\/\\\/fritz-sped.hu\\\/automentes-miskolc-0-24-gyors-segitseg-fritz-sped\\\/#breadcrumb\"},\"inLanguage\":\"en-US\",\"potentialAction\":[{\"@type\":\"ReadAction\",\"target\":[\"https:\\\/\\\/fritz-sped.hu\\\/automentes-miskolc-0-24-gyors-segitseg-fritz-sped\\\/\"]}]},{\"@type\":\"ImageObject\",\"inLanguage\":\"en-US\",\"@id\":\"https:\\\/\\\/fritz-sped.hu\\\/automentes-miskolc-0-24-gyors-segitseg-fritz-sped\\\/#primaryimage\",\"url\":\"https:\\\/\\\/fritz-sped.hu\\\/wp-content\\\/uploads\\\/123238565_186003093019459_6385684920706982139_o-1024x472.jpg\",\"contentUrl\":\"https:\\\/\\\/fritz-sped.hu\\\/wp-content\\\/uploads\\\/123238565_186003093019459_6385684920706982139_o-1024x472.jpg\"},{\"@type\":\"BreadcrumbList\",\"@id\":\"https:\\\/\\\/fritz-sped.hu\\\/automentes-miskolc-0-24-gyors-segitseg-fritz-sped\\\/#breadcrumb\",\"itemListElement\":[{\"@type\":\"ListItem\",\"position\":1,\"name\":\"Kezd\u0151lap\",\"item\":\"https:\\\/\\\/fritz-sped.hu\\\/\"},{\"@type\":\"ListItem\",\"position\":2,\"name\":\"Aut\u00f3ment\u00e9s\"}]},{\"@type\":\"WebSite\",\"@id\":\"https:\\\/\\\/fritz-sped.hu\\\/#website\",\"url\":\"https:\\\/\\\/fritz-sped.hu\\\/\",\"name\":\"Aut\u00f3ment\u00e9s Miskolc \u2013 Fritz-Sped\",\"description\":\"Gyors \u00e9s megb\u00edzhat\u00f3 aut\u00f3ment\u0151 szolg\u00e1ltat\u00e1s 0-24 Borsod megy\u00e9ben\",\"publisher\":{\"@id\":\"https:\\\/\\\/fritz-sped.hu\\\/#organization\"},\"potentialAction\":[{\"@type\":\"SearchAction\",\"target\":{\"@type\":\"EntryPoint\",\"urlTemplate\":\"https:\\\/\\\/fritz-sped.hu\\\/?s={search_term_string}\"},\"query-input\":{\"@type\":\"PropertyValueSpecification\",\"valueRequired\":true,\"valueName\":\"search_term_string\"}}],\"inLanguage\":\"en-US\"},{\"@type\":\"Organization\",\"@id\":\"https:\\\/\\\/fritz-sped.hu\\\/#organization\",\"name\":\"Fritz-Sped Miskolc\",\"url\":\"https:\\\/\\\/fritz-sped.hu\\\/\",\"logo\":{\"@type\":\"ImageObject\",\"inLanguage\":\"en-US\",\"@id\":\"https:\\\/\\\/fritz-sped.hu\\\/#\\\/schema\\\/logo\\\/image\\\/\",\"url\":\"https:\\\/\\\/fritz-sped.hu\\\/wp-content\\\/uploads\\\/20250309_092835.jpg\",\"contentUrl\":\"https:\\\/\\\/fritz-sped.hu\\\/wp-content\\\/uploads\\\/20250309_092835.jpg\",\"width\":255,\"height\":191,\"caption\":\"Fritz-Sped Miskolc\"},\"image\":{\"@id\":\"https:\\\/\\\/fritz-sped.hu\\\/#\\\/schema\\\/logo\\\/image\\\/\"},\"sameAs\":[\"https:\\\/\\\/www.facebook.com\\\/fritzautomentes\\\/\"]}]}<\/script>\n<!-- \/ Yoast SEO plugin. -->","yoast_head_json":{"title":"Aut\u00f3ment\u00e9s Miskolc \u2013 Nonstop gyors seg\u00edts\u00e9g | Fritz-Sped","description":"Meghib\u00e1sodott vagy balesetes aut\u00f3? Aut\u00f3ment\u00e9s Miskolcon 0\u201324 \u00f3r\u00e1ban, gyors ki\u00e9rkez\u00e9ssel. H\u00edvjon bizalommal!","robots":{"index":"index","follow":"follow","max-snippet":"max-snippet:-1","max-image-preview":"max-image-preview:large","max-video-preview":"max-video-preview:-1"},"canonical":"https:\/\/fritz-sped.hu\/en\/automentes-miskolc-0-24-gyors-segitseg-fritz-sped\/","og_locale":"en_US","og_type":"article","og_title":"[:hu]Aut\u00f3ment\u00e9s Miskolc \u2013 Nonstop gyors seg\u00edts\u00e9g | Fritz-Sped[:]","og_description":"[:hu]Meghib\u00e1sodott vagy balesetes aut\u00f3? Aut\u00f3ment\u00e9s Miskolcon 0\u201324 \u00f3r\u00e1ban, gyors ki\u00e9rkez\u00e9ssel. H\u00edvjon bizalommal![:]","og_url":"https:\/\/fritz-sped.hu\/en\/automentes-miskolc-0-24-gyors-segitseg-fritz-sped\/","og_site_name":"Fritz-Sped Miskolc","article_publisher":"https:\/\/www.facebook.com\/fritzautomentes\/","article_modified_time":"2025-12-26T09:41:28+00:00","og_image":[{"width":1389,"height":640,"url":"https:\/\/fritz-sped.hu\/wp-content\/uploads\/123238565_186003093019459_6385684920706982139_o.jpg","type":"image\/jpeg"}],"twitter_card":"summary_large_image","twitter_misc":{"Est. reading time":"2 minutes"},"schema":{"@context":"https:\/\/schema.org","@graph":[{"@type":"WebPage","@id":"https:\/\/fritz-sped.hu\/automentes-miskolc-0-24-gyors-segitseg-fritz-sped\/","url":"https:\/\/fritz-sped.hu\/automentes-miskolc-0-24-gyors-segitseg-fritz-sped\/","name":"Aut\u00f3ment\u00e9s Miskolc \u2013 Nonstop gyors seg\u00edts\u00e9g | Fritz-Sped","isPartOf":{"@id":"https:\/\/fritz-sped.hu\/#website"},"primaryImageOfPage":{"@id":"https:\/\/fritz-sped.hu\/automentes-miskolc-0-24-gyors-segitseg-fritz-sped\/#primaryimage"},"image":{"@id":"https:\/\/fritz-sped.hu\/automentes-miskolc-0-24-gyors-segitseg-fritz-sped\/#primaryimage"},"thumbnailUrl":"https:\/\/fritz-sped.hu\/wp-content\/uploads\/123238565_186003093019459_6385684920706982139_o-1024x472.jpg","datePublished":"2020-05-10T18:08:03+00:00","dateModified":"2025-12-26T09:41:28+00:00","description":"Meghib\u00e1sodott vagy balesetes aut\u00f3? Aut\u00f3ment\u00e9s Miskolcon 0\u201324 \u00f3r\u00e1ban, gyors ki\u00e9rkez\u00e9ssel. H\u00edvjon bizalommal!","breadcrumb":{"@id":"https:\/\/fritz-sped.hu\/automentes-miskolc-0-24-gyors-segitseg-fritz-sped\/#breadcrumb"},"inLanguage":"en-US","potentialAction":[{"@type":"ReadAction","target":["https:\/\/fritz-sped.hu\/automentes-miskolc-0-24-gyors-segitseg-fritz-sped\/"]}]},{"@type":"ImageObject","inLanguage":"en-US","@id":"https:\/\/fritz-sped.hu\/automentes-miskolc-0-24-gyors-segitseg-fritz-sped\/#primaryimage","url":"https:\/\/fritz-sped.hu\/wp-content\/uploads\/123238565_186003093019459_6385684920706982139_o-1024x472.jpg","contentUrl":"https:\/\/fritz-sped.hu\/wp-content\/uploads\/123238565_186003093019459_6385684920706982139_o-1024x472.jpg"},{"@type":"BreadcrumbList","@id":"https:\/\/fritz-sped.hu\/automentes-miskolc-0-24-gyors-segitseg-fritz-sped\/#breadcrumb","itemListElement":[{"@type":"ListItem","position":1,"name":"Kezd\u0151lap","item":"https:\/\/fritz-sped.hu\/"},{"@type":"ListItem","position":2,"name":"Aut\u00f3ment\u00e9s"}]},{"@type":"WebSite","@id":"https:\/\/fritz-sped.hu\/#website","url":"https:\/\/fritz-sped.hu\/","name":"Aut\u00f3ment\u00e9s Miskolc \u2013 Fritz-Sped","description":"Gyors \u00e9s megb\u00edzhat\u00f3 aut\u00f3ment\u0151 szolg\u00e1ltat\u00e1s 0-24 Borsod megy\u00e9ben","publisher":{"@id":"https:\/\/fritz-sped.hu\/#organization"},"potentialAction":[{"@type":"SearchAction","target":{"@type":"EntryPoint","urlTemplate":"https:\/\/fritz-sped.hu\/?s={search_term_string}"},"query-input":{"@type":"PropertyValueSpecification","valueRequired":true,"valueName":"search_term_string"}}],"inLanguage":"en-US"},{"@type":"Organization","@id":"https:\/\/fritz-sped.hu\/#organization","name":"Fritz-Sped Miskolc","url":"https:\/\/fritz-sped.hu\/","logo":{"@type":"ImageObject","inLanguage":"en-US","@id":"https:\/\/fritz-sped.hu\/#\/schema\/logo\/image\/","url":"https:\/\/fritz-sped.hu\/wp-content\/uploads\/20250309_092835.jpg","contentUrl":"https:\/\/fritz-sped.hu\/wp-content\/uploads\/20250309_092835.jpg","width":255,"height":191,"caption":"Fritz-Sped Miskolc"},"image":{"@id":"https:\/\/fritz-sped.hu\/#\/schema\/logo\/image\/"},"sameAs":["https:\/\/www.facebook.com\/fritzautomentes\/"]}]}},"_links":{"self":[{"href":"https:\/\/fritz-sped.hu\/en\/wp-json\/wp\/v2\/pages\/54","targetHints":{"allow":["GET"]}}],"collection":[{"href":"https:\/\/fritz-sped.hu\/en\/wp-json\/wp\/v2\/pages"}],"about":[{"href":"https:\/\/fritz-sped.hu\/en\/wp-json\/wp\/v2\/types\/page"}],"author":[{"embeddable":true,"href":"https:\/\/fritz-sped.hu\/en\/wp-json\/wp\/v2\/users\/1"}],"replies":[{"embeddable":true,"href":"https:\/\/fritz-sped.hu\/en\/wp-json\/wp\/v2\/comments?post=54"}],"version-history":[{"count":16,"href":"https:\/\/fritz-sped.hu\/en\/wp-json\/wp\/v2\/pages\/54\/revisions"}],"predecessor-version":[{"id":591,"href":"https:\/\/fritz-sped.hu\/en\/wp-json\/wp\/v2\/pages\/54\/revisions\/591"}],"wp:attachment":[{"href":"https:\/\/fritz-sped.hu\/en\/wp-json\/wp\/v2\/media?parent=54"}],"curies":[{"name":"wp","href":"https:\/\/api.w.org\/{rel}","templated":true}]}}