{"id":55,"date":"2020-05-10T18:08:03","date_gmt":"2020-05-10T18:08:03","guid":{"rendered":"https:\/\/fritz-sped.hu\/?page_id=55"},"modified":"2026-01-04T14:42:35","modified_gmt":"2026-01-04T14:42:35","slug":"autoszallitas-miskolc-fritz-sped","status":"publish","type":"page","link":"https:\/\/fritz-sped.hu\/en\/autoszallitas-miskolc-fritz-sped\/","title":{"rendered":"Aut\u00f3sz\u00e1ll\u00edt\u00e1s"},"content":{"rendered":"\n<h1 class=\"wp-block-heading\">Aut\u00f3sz\u00e1ll\u00edt\u00e1s Miskolcr\u00f3l orsz\u00e1gosan \u00e9s k\u00fclf\u00f6ldr\u0151l \u2013 Fritz-Sped<\/h1>\n\n\n\n<p>Nem lerobbant, csak sz\u00e1ll\u00edtani kell az aut\u00f3t? A <strong>Fritz-Sped aut\u00f3sz\u00e1ll\u00edt\u00f3 szolg\u00e1ltat\u00e1sa<\/strong> a megold\u00e1s! Legyen sz\u00f3 \u00faj aut\u00f3 v\u00e1s\u00e1rl\u00e1s\u00e1r\u00f3l, forgalomb\u00f3l kivont j\u00e1rm\u0171r\u0151l, veter\u00e1n aut\u00f3r\u00f3l vagy ak\u00e1r Szlov\u00e1ki\u00e1b\u00f3l, Lengyelorsz\u00e1gb\u00f3l val\u00f3 hazasz\u00e1ll\u00edt\u00e1sr\u00f3l \u2013 gyorsan, biztons\u00e1gosan \u00e9s <strong>kedvez\u0151 \u00e1ron<\/strong> eljuttatom j\u00e1rm\u0171v\u00e9t a k\u00edv\u00e1nt c\u00e9l\u00e1llom\u00e1sra.<\/p>\n\n\n\n<p>Szolg\u00e1ltat\u00e1som el\u00e9rhet\u0151 <strong>Miskolcon, Borsod megy\u00e9ben, illetve az orsz\u00e1g eg\u00e9sz ter\u00fclet\u00e9n<\/strong>, s\u0151t, v\u00e1llalok <strong>aut\u00f3sz\u00e1ll\u00edt\u00e1st k\u00fclf\u00f6ldr\u0151l is<\/strong> Lengyelorsz\u00e1g, Szlov\u00e1kia).<\/p>\n\n\n\n<p>\u2705 Egyedi ig\u00e9nyekre szabott aj\u00e1nlat \u2705 Z\u00e1rt vagy nyitott sz\u00e1ll\u00edt\u00e1s  \u2705 R\u00f6vid hat\u00e1rid\u0151k, korrekt \u00e1rak<\/p>\n\n\n\n<p><strong>H\u00edvjon most, ha megb\u00edzhat\u00f3 aut\u00f3sz\u00e1ll\u00edt\u00f3t keres!<\/strong> <\/p>\n\n\n\n<h2 class=\"wp-block-heading\"><\/h2>\n\n\n\n<figure class=\"wp-block-image size-large\"><img loading=\"lazy\" decoding=\"async\" width=\"1024\" height=\"768\" src=\"https:\/\/fritz-sped.hu\/wp-content\/uploads\/nyiregy-1024x768.jpg\" alt=\"\" class=\"wp-image-478\" srcset=\"https:\/\/fritz-sped.hu\/wp-content\/uploads\/nyiregy-1024x768.jpg 1024w, https:\/\/fritz-sped.hu\/wp-content\/uploads\/nyiregy-300x225.jpg 300w, https:\/\/fritz-sped.hu\/wp-content\/uploads\/nyiregy-768x576.jpg 768w, https:\/\/fritz-sped.hu\/wp-content\/uploads\/nyiregy-1536x1152.jpg 1536w, https:\/\/fritz-sped.hu\/wp-content\/uploads\/nyiregy.jpg 2048w\" sizes=\"auto, (max-width: 1024px) 100vw, 1024px\" \/><\/figure>\n\n\n\n<ul class=\"wp-block-list\">\n<li><strong>Aut\u00f3sz\u00e1ll\u00edt\u00e1s Miskolc<\/strong><\/li>\n\n\n\n<li><strong>Aut\u00f3sz\u00e1ll\u00edt\u00e1s Borsod megye<\/strong><\/li>\n\n\n\n<li><strong>Aut\u00f3sz\u00e1ll\u00edt\u00e1s M30<\/strong><\/li>\n\n\n\n<li><strong>Aut\u00f3sz\u00e1ll\u00edt\u00e1s M3<\/strong><\/li>\n\n\n\n<li><strong>Aut\u00f3sz\u00e1ll\u00edt\u00e1s M35<\/strong><\/li>\n\n\n\n<li><strong>Trailer Miskolc<\/strong><\/li>\n<\/ul>\n","protected":false},"excerpt":{"rendered":"<p>Aut\u00f3sz\u00e1ll\u00edt\u00e1s Miskolcr\u00f3l orsz\u00e1gosan \u00e9s k\u00fclf\u00f6ldr\u0151l \u2013 Fritz-Sped Nem lerobbant, csak sz\u00e1ll\u00edtani kell [&hellip;]<\/p>\n","protected":false},"author":1,"featured_media":0,"parent":0,"menu_order":0,"comment_status":"closed","ping_status":"closed","template":"","meta":{"footnotes":""},"class_list":["post-55","page","type-page","status-publish","hentry"],"yoast_head":"<!-- This site is optimized with the Yoast SEO plugin v27.3 - https:\/\/yoast.com\/product\/yoast-seo-wordpress\/ -->\n<title>Aut\u00f3sz\u00e1ll\u00edt\u00e1s Miskolc \u00e9s k\u00f6rny\u00e9ke | Fritz-Sped<\/title>\n<meta name=\"description\" content=\"Biztons\u00e1gos aut\u00f3sz\u00e1ll\u00edt\u00e1s Miskolcon \u00e9s orsz\u00e1gosan. M\u0171k\u00f6d\u0151 \u00e9s s\u00e9r\u00fclt j\u00e1rm\u0171vek sz\u00e1ll\u00edt\u00e1sa korrekt \u00e1ron.\" \/>\n<meta name=\"robots\" content=\"index, follow, max-snippet:-1, max-image-preview:large, max-video-preview:-1\" \/>\n<link rel=\"canonical\" href=\"https:\/\/fritz-sped.hu\/en\/autoszallitas-miskolc-fritz-sped\/\" \/>\n<meta property=\"og:locale\" content=\"en_US\" \/>\n<meta property=\"og:locale:alternate\" content=\"hu_HU\" \/>\n<meta property=\"og:type\" content=\"article\" \/>\n<meta property=\"og:title\" content=\"Aut\u00f3sz\u00e1ll\u00edt\u00e1s Miskolc \u00e9s k\u00f6rny\u00e9ke | Fritz-Sped\" \/>\n<meta property=\"og:description\" content=\"Biztons\u00e1gos aut\u00f3sz\u00e1ll\u00edt\u00e1s Miskolcon \u00e9s orsz\u00e1gosan. M\u0171k\u00f6d\u0151 \u00e9s s\u00e9r\u00fclt j\u00e1rm\u0171vek sz\u00e1ll\u00edt\u00e1sa korrekt \u00e1ron.\" \/>\n<meta property=\"og:url\" content=\"https:\/\/fritz-sped.hu\/en\/autoszallitas-miskolc-fritz-sped\/\" \/>\n<meta property=\"og:site_name\" content=\"Fritz-Sped Miskolc\" \/>\n<meta property=\"article:publisher\" content=\"https:\/\/www.facebook.com\/fritzautomentes\/\" \/>\n<meta property=\"article:modified_time\" content=\"2026-01-04T14:42:35+00:00\" \/>\n<meta property=\"og:image\" content=\"https:\/\/fritz-sped.hu\/wp-content\/uploads\/nyiregy.jpg\" \/>\n\t<meta property=\"og:image:width\" content=\"2048\" \/>\n\t<meta property=\"og:image:height\" content=\"1536\" \/>\n\t<meta property=\"og:image:type\" content=\"image\/jpeg\" \/>\n<meta name=\"twitter:card\" content=\"summary_large_image\" \/>\n<meta name=\"twitter:label1\" content=\"Est. reading time\" \/>\n\t<meta name=\"twitter:data1\" content=\"1 minute\" \/>\n<script type=\"application\/ld+json\" class=\"yoast-schema-graph\">{\"@context\":\"https:\\\/\\\/schema.org\",\"@graph\":[{\"@type\":\"WebPage\",\"@id\":\"https:\\\/\\\/fritz-sped.hu\\\/autoszallitas-miskolc-fritz-sped\\\/\",\"url\":\"https:\\\/\\\/fritz-sped.hu\\\/autoszallitas-miskolc-fritz-sped\\\/\",\"name\":\"Aut\u00f3sz\u00e1ll\u00edt\u00e1s Miskolc \u00e9s k\u00f6rny\u00e9ke | Fritz-Sped\",\"isPartOf\":{\"@id\":\"https:\\\/\\\/fritz-sped.hu\\\/#website\"},\"primaryImageOfPage\":{\"@id\":\"https:\\\/\\\/fritz-sped.hu\\\/autoszallitas-miskolc-fritz-sped\\\/#primaryimage\"},\"image\":{\"@id\":\"https:\\\/\\\/fritz-sped.hu\\\/autoszallitas-miskolc-fritz-sped\\\/#primaryimage\"},\"thumbnailUrl\":\"https:\\\/\\\/fritz-sped.hu\\\/wp-content\\\/uploads\\\/nyiregy-1024x768.jpg\",\"datePublished\":\"2020-05-10T18:08:03+00:00\",\"dateModified\":\"2026-01-04T14:42:35+00:00\",\"description\":\"Biztons\u00e1gos aut\u00f3sz\u00e1ll\u00edt\u00e1s Miskolcon \u00e9s orsz\u00e1gosan. M\u0171k\u00f6d\u0151 \u00e9s s\u00e9r\u00fclt j\u00e1rm\u0171vek sz\u00e1ll\u00edt\u00e1sa korrekt \u00e1ron.\",\"breadcrumb\":{\"@id\":\"https:\\\/\\\/fritz-sped.hu\\\/autoszallitas-miskolc-fritz-sped\\\/#breadcrumb\"},\"inLanguage\":\"en-US\",\"potentialAction\":[{\"@type\":\"ReadAction\",\"target\":[\"https:\\\/\\\/fritz-sped.hu\\\/autoszallitas-miskolc-fritz-sped\\\/\"]}]},{\"@type\":\"ImageObject\",\"inLanguage\":\"en-US\",\"@id\":\"https:\\\/\\\/fritz-sped.hu\\\/autoszallitas-miskolc-fritz-sped\\\/#primaryimage\",\"url\":\"https:\\\/\\\/fritz-sped.hu\\\/wp-content\\\/uploads\\\/nyiregy-1024x768.jpg\",\"contentUrl\":\"https:\\\/\\\/fritz-sped.hu\\\/wp-content\\\/uploads\\\/nyiregy-1024x768.jpg\"},{\"@type\":\"BreadcrumbList\",\"@id\":\"https:\\\/\\\/fritz-sped.hu\\\/autoszallitas-miskolc-fritz-sped\\\/#breadcrumb\",\"itemListElement\":[{\"@type\":\"ListItem\",\"position\":1,\"name\":\"Kezd\u0151lap\",\"item\":\"https:\\\/\\\/fritz-sped.hu\\\/\"},{\"@type\":\"ListItem\",\"position\":2,\"name\":\"Aut\u00f3sz\u00e1ll\u00edt\u00e1s\"}]},{\"@type\":\"WebSite\",\"@id\":\"https:\\\/\\\/fritz-sped.hu\\\/#website\",\"url\":\"https:\\\/\\\/fritz-sped.hu\\\/\",\"name\":\"Aut\u00f3ment\u00e9s Miskolc \u2013 Fritz-Sped\",\"description\":\"Gyors \u00e9s megb\u00edzhat\u00f3 aut\u00f3ment\u0151 szolg\u00e1ltat\u00e1s 0-24 Borsod megy\u00e9ben\",\"publisher\":{\"@id\":\"https:\\\/\\\/fritz-sped.hu\\\/#organization\"},\"potentialAction\":[{\"@type\":\"SearchAction\",\"target\":{\"@type\":\"EntryPoint\",\"urlTemplate\":\"https:\\\/\\\/fritz-sped.hu\\\/?s={search_term_string}\"},\"query-input\":{\"@type\":\"PropertyValueSpecification\",\"valueRequired\":true,\"valueName\":\"search_term_string\"}}],\"inLanguage\":\"en-US\"},{\"@type\":\"Organization\",\"@id\":\"https:\\\/\\\/fritz-sped.hu\\\/#organization\",\"name\":\"Fritz-Sped Miskolc\",\"url\":\"https:\\\/\\\/fritz-sped.hu\\\/\",\"logo\":{\"@type\":\"ImageObject\",\"inLanguage\":\"en-US\",\"@id\":\"https:\\\/\\\/fritz-sped.hu\\\/#\\\/schema\\\/logo\\\/image\\\/\",\"url\":\"https:\\\/\\\/fritz-sped.hu\\\/wp-content\\\/uploads\\\/20250309_092835.jpg\",\"contentUrl\":\"https:\\\/\\\/fritz-sped.hu\\\/wp-content\\\/uploads\\\/20250309_092835.jpg\",\"width\":255,\"height\":191,\"caption\":\"Fritz-Sped Miskolc\"},\"image\":{\"@id\":\"https:\\\/\\\/fritz-sped.hu\\\/#\\\/schema\\\/logo\\\/image\\\/\"},\"sameAs\":[\"https:\\\/\\\/www.facebook.com\\\/fritzautomentes\\\/\"]}]}<\/script>\n<!-- \/ Yoast SEO plugin. -->","yoast_head_json":{"title":"Aut\u00f3sz\u00e1ll\u00edt\u00e1s Miskolc \u00e9s k\u00f6rny\u00e9ke | Fritz-Sped","description":"Biztons\u00e1gos aut\u00f3sz\u00e1ll\u00edt\u00e1s Miskolcon \u00e9s orsz\u00e1gosan. M\u0171k\u00f6d\u0151 \u00e9s s\u00e9r\u00fclt j\u00e1rm\u0171vek sz\u00e1ll\u00edt\u00e1sa korrekt \u00e1ron.","robots":{"index":"index","follow":"follow","max-snippet":"max-snippet:-1","max-image-preview":"max-image-preview:large","max-video-preview":"max-video-preview:-1"},"canonical":"https:\/\/fritz-sped.hu\/en\/autoszallitas-miskolc-fritz-sped\/","og_locale":"en_US","og_type":"article","og_title":"[:hu]Aut\u00f3sz\u00e1ll\u00edt\u00e1s Miskolc \u00e9s k\u00f6rny\u00e9ke | Fritz-Sped[:]","og_description":"[:hu]Biztons\u00e1gos aut\u00f3sz\u00e1ll\u00edt\u00e1s Miskolcon \u00e9s orsz\u00e1gosan. M\u0171k\u00f6d\u0151 \u00e9s s\u00e9r\u00fclt j\u00e1rm\u0171vek sz\u00e1ll\u00edt\u00e1sa korrekt \u00e1ron.[:]","og_url":"https:\/\/fritz-sped.hu\/en\/autoszallitas-miskolc-fritz-sped\/","og_site_name":"Fritz-Sped Miskolc","article_publisher":"https:\/\/www.facebook.com\/fritzautomentes\/","article_modified_time":"2026-01-04T14:42:35+00:00","og_image":[{"width":2048,"height":1536,"url":"https:\/\/fritz-sped.hu\/wp-content\/uploads\/nyiregy.jpg","type":"image\/jpeg"}],"twitter_card":"summary_large_image","twitter_misc":{"Est. reading time":"1 minute"},"schema":{"@context":"https:\/\/schema.org","@graph":[{"@type":"WebPage","@id":"https:\/\/fritz-sped.hu\/autoszallitas-miskolc-fritz-sped\/","url":"https:\/\/fritz-sped.hu\/autoszallitas-miskolc-fritz-sped\/","name":"Aut\u00f3sz\u00e1ll\u00edt\u00e1s Miskolc \u00e9s k\u00f6rny\u00e9ke | Fritz-Sped","isPartOf":{"@id":"https:\/\/fritz-sped.hu\/#website"},"primaryImageOfPage":{"@id":"https:\/\/fritz-sped.hu\/autoszallitas-miskolc-fritz-sped\/#primaryimage"},"image":{"@id":"https:\/\/fritz-sped.hu\/autoszallitas-miskolc-fritz-sped\/#primaryimage"},"thumbnailUrl":"https:\/\/fritz-sped.hu\/wp-content\/uploads\/nyiregy-1024x768.jpg","datePublished":"2020-05-10T18:08:03+00:00","dateModified":"2026-01-04T14:42:35+00:00","description":"Biztons\u00e1gos aut\u00f3sz\u00e1ll\u00edt\u00e1s Miskolcon \u00e9s orsz\u00e1gosan. M\u0171k\u00f6d\u0151 \u00e9s s\u00e9r\u00fclt j\u00e1rm\u0171vek sz\u00e1ll\u00edt\u00e1sa korrekt \u00e1ron.","breadcrumb":{"@id":"https:\/\/fritz-sped.hu\/autoszallitas-miskolc-fritz-sped\/#breadcrumb"},"inLanguage":"en-US","potentialAction":[{"@type":"ReadAction","target":["https:\/\/fritz-sped.hu\/autoszallitas-miskolc-fritz-sped\/"]}]},{"@type":"ImageObject","inLanguage":"en-US","@id":"https:\/\/fritz-sped.hu\/autoszallitas-miskolc-fritz-sped\/#primaryimage","url":"https:\/\/fritz-sped.hu\/wp-content\/uploads\/nyiregy-1024x768.jpg","contentUrl":"https:\/\/fritz-sped.hu\/wp-content\/uploads\/nyiregy-1024x768.jpg"},{"@type":"BreadcrumbList","@id":"https:\/\/fritz-sped.hu\/autoszallitas-miskolc-fritz-sped\/#breadcrumb","itemListElement":[{"@type":"ListItem","position":1,"name":"Kezd\u0151lap","item":"https:\/\/fritz-sped.hu\/"},{"@type":"ListItem","position":2,"name":"Aut\u00f3sz\u00e1ll\u00edt\u00e1s"}]},{"@type":"WebSite","@id":"https:\/\/fritz-sped.hu\/#website","url":"https:\/\/fritz-sped.hu\/","name":"Aut\u00f3ment\u00e9s Miskolc \u2013 Fritz-Sped","description":"Gyors \u00e9s megb\u00edzhat\u00f3 aut\u00f3ment\u0151 szolg\u00e1ltat\u00e1s 0-24 Borsod megy\u00e9ben","publisher":{"@id":"https:\/\/fritz-sped.hu\/#organization"},"potentialAction":[{"@type":"SearchAction","target":{"@type":"EntryPoint","urlTemplate":"https:\/\/fritz-sped.hu\/?s={search_term_string}"},"query-input":{"@type":"PropertyValueSpecification","valueRequired":true,"valueName":"search_term_string"}}],"inLanguage":"en-US"},{"@type":"Organization","@id":"https:\/\/fritz-sped.hu\/#organization","name":"Fritz-Sped Miskolc","url":"https:\/\/fritz-sped.hu\/","logo":{"@type":"ImageObject","inLanguage":"en-US","@id":"https:\/\/fritz-sped.hu\/#\/schema\/logo\/image\/","url":"https:\/\/fritz-sped.hu\/wp-content\/uploads\/20250309_092835.jpg","contentUrl":"https:\/\/fritz-sped.hu\/wp-content\/uploads\/20250309_092835.jpg","width":255,"height":191,"caption":"Fritz-Sped Miskolc"},"image":{"@id":"https:\/\/fritz-sped.hu\/#\/schema\/logo\/image\/"},"sameAs":["https:\/\/www.facebook.com\/fritzautomentes\/"]}]}},"_links":{"self":[{"href":"https:\/\/fritz-sped.hu\/en\/wp-json\/wp\/v2\/pages\/55","targetHints":{"allow":["GET"]}}],"collection":[{"href":"https:\/\/fritz-sped.hu\/en\/wp-json\/wp\/v2\/pages"}],"about":[{"href":"https:\/\/fritz-sped.hu\/en\/wp-json\/wp\/v2\/types\/page"}],"author":[{"embeddable":true,"href":"https:\/\/fritz-sped.hu\/en\/wp-json\/wp\/v2\/users\/1"}],"replies":[{"embeddable":true,"href":"https:\/\/fritz-sped.hu\/en\/wp-json\/wp\/v2\/comments?post=55"}],"version-history":[{"count":13,"href":"https:\/\/fritz-sped.hu\/en\/wp-json\/wp\/v2\/pages\/55\/revisions"}],"predecessor-version":[{"id":609,"href":"https:\/\/fritz-sped.hu\/en\/wp-json\/wp\/v2\/pages\/55\/revisions\/609"}],"wp:attachment":[{"href":"https:\/\/fritz-sped.hu\/en\/wp-json\/wp\/v2\/media?parent=55"}],"curies":[{"name":"wp","href":"https:\/\/api.w.org\/{rel}","templated":true}]}}