{"id":72,"date":"2020-05-10T19:11:08","date_gmt":"2020-05-10T19:11:08","guid":{"rendered":"https:\/\/fritz-sped.hu\/?page_id=72"},"modified":"2025-08-27T18:00:25","modified_gmt":"2025-08-27T18:00:25","slug":"kapcsolat-fritz-sped-automentes-miskolc-0-24-hivhato","status":"publish","type":"page","link":"https:\/\/fritz-sped.hu\/en\/kapcsolat-fritz-sped-automentes-miskolc-0-24-hivhato\/","title":{"rendered":"Kapcsolat"},"content":{"rendered":"\n<h2 class=\"wp-block-heading\">Kapcsolat \u2013 Fritz-Sped Aut\u00f3ment\u00e9s Miskolc<\/h2>\n\n\n\n<p>Ha <strong>aut\u00f3ment\u00e9sre vagy aut\u00f3sz\u00e1ll\u00edt\u00e1sra<\/strong> van sz\u00fcks\u00e9ge <strong>Miskolc<\/strong> vagy k\u00f6rny\u00e9ke ter\u00fclet\u00e9n, keresse a <strong>Fritz-Sped Aut\u00f3ment\u00e9st <\/strong>bizalommal!<\/p>\n\n\n\n<p>0-24 \u00f3r\u00e1s \u00fcgyeleti sz\u00e1mon gyorsan el\u00e9r, azonnal reag\u00e1lok a h\u00edv\u00e1sra. Lehet\u0151 legggyorsabban, ak\u00e1r azonnali indul\u00e1ssal!<\/p>\n\n\n\n<p><strong>\ud83d\udccd Aut\u00f3ment\u00e9s Miskolcr\u00f3l gyors kisz\u00e1ll\u00e1ssal \u2013 h\u00edvjon most!<\/strong><\/p>\n\n\n\n<div style=\"background-color: #FFD700; padding: 15px; text-align: center; border-radius: 8px; margin-top: 20px;\">\n  <a href=\"tel:+36706148908\" style=\"color: #000000; font-size: 28px; font-weight: bold; text-decoration: none;\">\n    \ud83d\udcf1 +36 70 614 8908\n  <\/a>\n<\/div>\n\n\n\n<div class=\"wp-block-group\"><div class=\"wp-block-group__inner-container is-layout-flow wp-block-group-is-layout-flow\">\n<p><strong>T\u00f3th &#8216;Fritz&#8217; Tam\u00e1s &#8211; Fritz-Sped<\/strong><\/p>\n\n\n\n<p><strong><a href=\"Facebook: www.facebook.com\/fritzautomentes\"><span class=\"has-inline-color has-very-dark-gray-color\">Facebook: www.facebook.com\/fritzautomentes<\/span><\/a><\/strong><\/p>\n\n\n\n<p><strong><span class=\"has-inline-color has-very-dark-gray-color\">E-mail: ifj.tamas.toth@gmail.com<\/span><\/strong><\/p>\n<\/div><\/div>\n\n\n\n<iframe src=\"https:\/\/www.google.com\/maps\/embed?pb=!1m18!1m12!1m3!1d2655.3127058251994!2d20.775903776228155!3d48.076937355381084!2m3!1f0!2f0!3f0!3m2!1i1024!2i768!4f13.1!3m3!1m2!1s0x4740a029c212d435%3A0xfa58c92ca139b9da!2sMiskolc%2C%20Szentgy%C3%B6rgy%20%C3%BAt%2066%2C%203529!5e1!3m2!1shu!2shu!4v1748898657929!5m2!1shu!2shu\" width=\"600\" height=\"450\" style=\"border:0;\" allowfullscreen=\"\" loading=\"lazy\" referrerpolicy=\"no-referrer-when-downgrade\"><\/iframe>\n\n\n\n<figure class=\"wp-block-image size-large\"><img loading=\"lazy\" decoding=\"async\" width=\"1024\" height=\"768\" src=\"https:\/\/fritz-sped.hu\/wp-content\/uploads\/lillafured-1024x768.jpg\" alt=\"\" class=\"wp-image-484\" srcset=\"https:\/\/fritz-sped.hu\/wp-content\/uploads\/lillafured-1024x768.jpg 1024w, https:\/\/fritz-sped.hu\/wp-content\/uploads\/lillafured-300x225.jpg 300w, https:\/\/fritz-sped.hu\/wp-content\/uploads\/lillafured-768x576.jpg 768w, https:\/\/fritz-sped.hu\/wp-content\/uploads\/lillafured-1536x1152.jpg 1536w, https:\/\/fritz-sped.hu\/wp-content\/uploads\/lillafured.jpg 2048w\" sizes=\"auto, (max-width: 1024px) 100vw, 1024px\" \/><\/figure>\n\n\n\n<p><strong>Szakszer\u0171, min\u0151s\u00e9gi munka, gyorsan, egyedi ig\u00e9nyek szerint is, megfizethet\u0151 \u00e1ron!<\/strong><\/p>\n\n\n\n<p><\/p>\n","protected":false},"excerpt":{"rendered":"<p>Kapcsolat \u2013 Fritz-Sped Aut\u00f3ment\u00e9s Miskolc Ha aut\u00f3ment\u00e9sre vagy aut\u00f3sz\u00e1ll\u00edt\u00e1sra van sz\u00fcks\u00e9ge Miskolc [&hellip;]<\/p>\n","protected":false},"author":1,"featured_media":0,"parent":0,"menu_order":0,"comment_status":"closed","ping_status":"closed","template":"","meta":{"footnotes":""},"class_list":["post-72","page","type-page","status-publish","hentry"],"yoast_head":"<!-- This site is optimized with the Yoast SEO plugin v27.3 - https:\/\/yoast.com\/product\/yoast-seo-wordpress\/ -->\n<title>Kapcsolat<\/title>\n<meta name=\"description\" content=\"L\u00e9pjen kapcsolatba a Fritz-Sped aut\u00f3ment\u0151 csapat\u00e1val! 0-24 el\u00e9rhet\u0151s\u00e9g Miskolcon \u00e9s Borsod megy\u00e9ben. H\u00edvjon most vagy \u00edrjon emailt!\" \/>\n<meta name=\"robots\" content=\"index, follow, max-snippet:-1, max-image-preview:large, max-video-preview:-1\" \/>\n<link rel=\"canonical\" href=\"https:\/\/fritz-sped.hu\/en\/kapcsolat-fritz-sped-automentes-miskolc-0-24-hivhato\/\" \/>\n<meta property=\"og:locale\" content=\"en_US\" \/>\n<meta property=\"og:locale:alternate\" content=\"hu_HU\" \/>\n<meta property=\"og:type\" content=\"article\" \/>\n<meta property=\"og:title\" content=\"Kapcsolat\" \/>\n<meta property=\"og:description\" content=\"L\u00e9pjen kapcsolatba a Fritz-Sped aut\u00f3ment\u0151 csapat\u00e1val! 0-24 el\u00e9rhet\u0151s\u00e9g Miskolcon \u00e9s Borsod megy\u00e9ben. H\u00edvjon most vagy \u00edrjon emailt!\" \/>\n<meta property=\"og:url\" content=\"https:\/\/fritz-sped.hu\/en\/kapcsolat-fritz-sped-automentes-miskolc-0-24-hivhato\/\" \/>\n<meta property=\"og:site_name\" content=\"Fritz-Sped Miskolc\" \/>\n<meta property=\"article:publisher\" content=\"https:\/\/www.facebook.com\/fritzautomentes\/\" \/>\n<meta property=\"article:modified_time\" content=\"2025-08-27T18:00:25+00:00\" \/>\n<meta property=\"og:image\" content=\"https:\/\/fritz-sped.hu\/wp-content\/uploads\/lillafured.jpg\" \/>\n\t<meta property=\"og:image:width\" content=\"2048\" \/>\n\t<meta property=\"og:image:height\" content=\"1536\" \/>\n\t<meta property=\"og:image:type\" content=\"image\/jpeg\" \/>\n<meta name=\"twitter:card\" content=\"summary_large_image\" \/>\n<meta name=\"twitter:label1\" content=\"Est. reading time\" \/>\n\t<meta name=\"twitter:data1\" content=\"1 minute\" \/>\n<script type=\"application\/ld+json\" class=\"yoast-schema-graph\">{\"@context\":\"https:\\\/\\\/schema.org\",\"@graph\":[{\"@type\":\"WebPage\",\"@id\":\"https:\\\/\\\/fritz-sped.hu\\\/kapcsolat-fritz-sped-automentes-miskolc-0-24-hivhato\\\/\",\"url\":\"https:\\\/\\\/fritz-sped.hu\\\/kapcsolat-fritz-sped-automentes-miskolc-0-24-hivhato\\\/\",\"name\":\"Kapcsolat\",\"isPartOf\":{\"@id\":\"https:\\\/\\\/fritz-sped.hu\\\/#website\"},\"primaryImageOfPage\":{\"@id\":\"https:\\\/\\\/fritz-sped.hu\\\/kapcsolat-fritz-sped-automentes-miskolc-0-24-hivhato\\\/#primaryimage\"},\"image\":{\"@id\":\"https:\\\/\\\/fritz-sped.hu\\\/kapcsolat-fritz-sped-automentes-miskolc-0-24-hivhato\\\/#primaryimage\"},\"thumbnailUrl\":\"https:\\\/\\\/fritz-sped.hu\\\/wp-content\\\/uploads\\\/lillafured-1024x768.jpg\",\"datePublished\":\"2020-05-10T19:11:08+00:00\",\"dateModified\":\"2025-08-27T18:00:25+00:00\",\"description\":\"L\u00e9pjen kapcsolatba a Fritz-Sped aut\u00f3ment\u0151 csapat\u00e1val! 0-24 el\u00e9rhet\u0151s\u00e9g Miskolcon \u00e9s Borsod megy\u00e9ben. H\u00edvjon most vagy \u00edrjon emailt!\",\"breadcrumb\":{\"@id\":\"https:\\\/\\\/fritz-sped.hu\\\/kapcsolat-fritz-sped-automentes-miskolc-0-24-hivhato\\\/#breadcrumb\"},\"inLanguage\":\"en-US\",\"potentialAction\":[{\"@type\":\"ReadAction\",\"target\":[\"https:\\\/\\\/fritz-sped.hu\\\/kapcsolat-fritz-sped-automentes-miskolc-0-24-hivhato\\\/\"]}]},{\"@type\":\"ImageObject\",\"inLanguage\":\"en-US\",\"@id\":\"https:\\\/\\\/fritz-sped.hu\\\/kapcsolat-fritz-sped-automentes-miskolc-0-24-hivhato\\\/#primaryimage\",\"url\":\"https:\\\/\\\/fritz-sped.hu\\\/wp-content\\\/uploads\\\/lillafured-1024x768.jpg\",\"contentUrl\":\"https:\\\/\\\/fritz-sped.hu\\\/wp-content\\\/uploads\\\/lillafured-1024x768.jpg\"},{\"@type\":\"BreadcrumbList\",\"@id\":\"https:\\\/\\\/fritz-sped.hu\\\/kapcsolat-fritz-sped-automentes-miskolc-0-24-hivhato\\\/#breadcrumb\",\"itemListElement\":[{\"@type\":\"ListItem\",\"position\":1,\"name\":\"Kezd\u0151lap\",\"item\":\"https:\\\/\\\/fritz-sped.hu\\\/\"},{\"@type\":\"ListItem\",\"position\":2,\"name\":\"Kapcsolat\"}]},{\"@type\":\"WebSite\",\"@id\":\"https:\\\/\\\/fritz-sped.hu\\\/#website\",\"url\":\"https:\\\/\\\/fritz-sped.hu\\\/\",\"name\":\"Aut\u00f3ment\u00e9s Miskolc \u2013 Fritz-Sped\",\"description\":\"Gyors \u00e9s megb\u00edzhat\u00f3 aut\u00f3ment\u0151 szolg\u00e1ltat\u00e1s 0-24 Borsod megy\u00e9ben\",\"publisher\":{\"@id\":\"https:\\\/\\\/fritz-sped.hu\\\/#organization\"},\"potentialAction\":[{\"@type\":\"SearchAction\",\"target\":{\"@type\":\"EntryPoint\",\"urlTemplate\":\"https:\\\/\\\/fritz-sped.hu\\\/?s={search_term_string}\"},\"query-input\":{\"@type\":\"PropertyValueSpecification\",\"valueRequired\":true,\"valueName\":\"search_term_string\"}}],\"inLanguage\":\"en-US\"},{\"@type\":\"Organization\",\"@id\":\"https:\\\/\\\/fritz-sped.hu\\\/#organization\",\"name\":\"Fritz-Sped Miskolc\",\"url\":\"https:\\\/\\\/fritz-sped.hu\\\/\",\"logo\":{\"@type\":\"ImageObject\",\"inLanguage\":\"en-US\",\"@id\":\"https:\\\/\\\/fritz-sped.hu\\\/#\\\/schema\\\/logo\\\/image\\\/\",\"url\":\"https:\\\/\\\/fritz-sped.hu\\\/wp-content\\\/uploads\\\/20250309_092835.jpg\",\"contentUrl\":\"https:\\\/\\\/fritz-sped.hu\\\/wp-content\\\/uploads\\\/20250309_092835.jpg\",\"width\":255,\"height\":191,\"caption\":\"Fritz-Sped Miskolc\"},\"image\":{\"@id\":\"https:\\\/\\\/fritz-sped.hu\\\/#\\\/schema\\\/logo\\\/image\\\/\"},\"sameAs\":[\"https:\\\/\\\/www.facebook.com\\\/fritzautomentes\\\/\"]}]}<\/script>\n<!-- \/ Yoast SEO plugin. -->","yoast_head_json":{"title":"Kapcsolat","description":"L\u00e9pjen kapcsolatba a Fritz-Sped aut\u00f3ment\u0151 csapat\u00e1val! 0-24 el\u00e9rhet\u0151s\u00e9g Miskolcon \u00e9s Borsod megy\u00e9ben. H\u00edvjon most vagy \u00edrjon emailt!","robots":{"index":"index","follow":"follow","max-snippet":"max-snippet:-1","max-image-preview":"max-image-preview:large","max-video-preview":"max-video-preview:-1"},"canonical":"https:\/\/fritz-sped.hu\/en\/kapcsolat-fritz-sped-automentes-miskolc-0-24-hivhato\/","og_locale":"en_US","og_type":"article","og_title":"[:hu]Kapcsolat[:] - Fritz-Sped Miskolc","og_description":"[:hu]L\u00e9pjen kapcsolatba a Fritz-Sped aut\u00f3ment\u0151 csapat\u00e1val! 0-24 el\u00e9rhet\u0151s\u00e9g Miskolcon \u00e9s Borsod megy\u00e9ben. H\u00edvjon most vagy \u00edrjon emailt![:]","og_url":"https:\/\/fritz-sped.hu\/en\/kapcsolat-fritz-sped-automentes-miskolc-0-24-hivhato\/","og_site_name":"Fritz-Sped Miskolc","article_publisher":"https:\/\/www.facebook.com\/fritzautomentes\/","article_modified_time":"2025-08-27T18:00:25+00:00","og_image":[{"width":2048,"height":1536,"url":"https:\/\/fritz-sped.hu\/wp-content\/uploads\/lillafured.jpg","type":"image\/jpeg"}],"twitter_card":"summary_large_image","twitter_misc":{"Est. reading time":"1 minute"},"schema":{"@context":"https:\/\/schema.org","@graph":[{"@type":"WebPage","@id":"https:\/\/fritz-sped.hu\/kapcsolat-fritz-sped-automentes-miskolc-0-24-hivhato\/","url":"https:\/\/fritz-sped.hu\/kapcsolat-fritz-sped-automentes-miskolc-0-24-hivhato\/","name":"Kapcsolat","isPartOf":{"@id":"https:\/\/fritz-sped.hu\/#website"},"primaryImageOfPage":{"@id":"https:\/\/fritz-sped.hu\/kapcsolat-fritz-sped-automentes-miskolc-0-24-hivhato\/#primaryimage"},"image":{"@id":"https:\/\/fritz-sped.hu\/kapcsolat-fritz-sped-automentes-miskolc-0-24-hivhato\/#primaryimage"},"thumbnailUrl":"https:\/\/fritz-sped.hu\/wp-content\/uploads\/lillafured-1024x768.jpg","datePublished":"2020-05-10T19:11:08+00:00","dateModified":"2025-08-27T18:00:25+00:00","description":"L\u00e9pjen kapcsolatba a Fritz-Sped aut\u00f3ment\u0151 csapat\u00e1val! 0-24 el\u00e9rhet\u0151s\u00e9g Miskolcon \u00e9s Borsod megy\u00e9ben. H\u00edvjon most vagy \u00edrjon emailt!","breadcrumb":{"@id":"https:\/\/fritz-sped.hu\/kapcsolat-fritz-sped-automentes-miskolc-0-24-hivhato\/#breadcrumb"},"inLanguage":"en-US","potentialAction":[{"@type":"ReadAction","target":["https:\/\/fritz-sped.hu\/kapcsolat-fritz-sped-automentes-miskolc-0-24-hivhato\/"]}]},{"@type":"ImageObject","inLanguage":"en-US","@id":"https:\/\/fritz-sped.hu\/kapcsolat-fritz-sped-automentes-miskolc-0-24-hivhato\/#primaryimage","url":"https:\/\/fritz-sped.hu\/wp-content\/uploads\/lillafured-1024x768.jpg","contentUrl":"https:\/\/fritz-sped.hu\/wp-content\/uploads\/lillafured-1024x768.jpg"},{"@type":"BreadcrumbList","@id":"https:\/\/fritz-sped.hu\/kapcsolat-fritz-sped-automentes-miskolc-0-24-hivhato\/#breadcrumb","itemListElement":[{"@type":"ListItem","position":1,"name":"Kezd\u0151lap","item":"https:\/\/fritz-sped.hu\/"},{"@type":"ListItem","position":2,"name":"Kapcsolat"}]},{"@type":"WebSite","@id":"https:\/\/fritz-sped.hu\/#website","url":"https:\/\/fritz-sped.hu\/","name":"Aut\u00f3ment\u00e9s Miskolc \u2013 Fritz-Sped","description":"Gyors \u00e9s megb\u00edzhat\u00f3 aut\u00f3ment\u0151 szolg\u00e1ltat\u00e1s 0-24 Borsod megy\u00e9ben","publisher":{"@id":"https:\/\/fritz-sped.hu\/#organization"},"potentialAction":[{"@type":"SearchAction","target":{"@type":"EntryPoint","urlTemplate":"https:\/\/fritz-sped.hu\/?s={search_term_string}"},"query-input":{"@type":"PropertyValueSpecification","valueRequired":true,"valueName":"search_term_string"}}],"inLanguage":"en-US"},{"@type":"Organization","@id":"https:\/\/fritz-sped.hu\/#organization","name":"Fritz-Sped Miskolc","url":"https:\/\/fritz-sped.hu\/","logo":{"@type":"ImageObject","inLanguage":"en-US","@id":"https:\/\/fritz-sped.hu\/#\/schema\/logo\/image\/","url":"https:\/\/fritz-sped.hu\/wp-content\/uploads\/20250309_092835.jpg","contentUrl":"https:\/\/fritz-sped.hu\/wp-content\/uploads\/20250309_092835.jpg","width":255,"height":191,"caption":"Fritz-Sped Miskolc"},"image":{"@id":"https:\/\/fritz-sped.hu\/#\/schema\/logo\/image\/"},"sameAs":["https:\/\/www.facebook.com\/fritzautomentes\/"]}]}},"_links":{"self":[{"href":"https:\/\/fritz-sped.hu\/en\/wp-json\/wp\/v2\/pages\/72","targetHints":{"allow":["GET"]}}],"collection":[{"href":"https:\/\/fritz-sped.hu\/en\/wp-json\/wp\/v2\/pages"}],"about":[{"href":"https:\/\/fritz-sped.hu\/en\/wp-json\/wp\/v2\/types\/page"}],"author":[{"embeddable":true,"href":"https:\/\/fritz-sped.hu\/en\/wp-json\/wp\/v2\/users\/1"}],"replies":[{"embeddable":true,"href":"https:\/\/fritz-sped.hu\/en\/wp-json\/wp\/v2\/comments?post=72"}],"version-history":[{"count":30,"href":"https:\/\/fritz-sped.hu\/en\/wp-json\/wp\/v2\/pages\/72\/revisions"}],"predecessor-version":[{"id":592,"href":"https:\/\/fritz-sped.hu\/en\/wp-json\/wp\/v2\/pages\/72\/revisions\/592"}],"wp:attachment":[{"href":"https:\/\/fritz-sped.hu\/en\/wp-json\/wp\/v2\/media?parent=72"}],"curies":[{"name":"wp","href":"https:\/\/api.w.org\/{rel}","templated":true}]}}